{"id":16998,"date":"2022-01-10T13:51:34","date_gmt":"2022-01-10T10:51:34","guid":{"rendered":"https:\/\/tdv.org\/en-EN\/?page_id=16998"},"modified":"2023-06-20T19:32:41","modified_gmt":"2023-06-20T16:32:41","slug":"izani-turan","status":"publish","type":"page","link":"https:\/\/tdv.org\/en-EN\/about-us\/izani-turan\/","title":{"rendered":"\u0130zani TURAN"},"content":{"rendered":"<p><img loading=\"lazy\" decoding=\"async\" class=\"wp-image-20059  aligncenter\" src=\"https:\/\/tdv.org\/en-EN\/wp-content\/uploads\/2023\/06\/WhatsApp-Gorsel-2023-06-20-saat-19.24.10-300x198.jpg\" alt=\"\" width=\"819\" height=\"541\" srcset=\"https:\/\/tdv.org\/en-EN\/wp-content\/uploads\/2023\/06\/WhatsApp-Gorsel-2023-06-20-saat-19.24.10-300x198.jpg 300w, https:\/\/tdv.org\/en-EN\/wp-content\/uploads\/2023\/06\/WhatsApp-Gorsel-2023-06-20-saat-19.24.10-768x508.jpg 768w, https:\/\/tdv.org\/en-EN\/wp-content\/uploads\/2023\/06\/WhatsApp-Gorsel-2023-06-20-saat-19.24.10.jpg 1000w\" sizes=\"auto, (max-width: 819px) 100vw, 819px\" \/><\/p>\n<p style=\"text-align: center;\"><strong>\u0130zani TURAN<\/strong><br \/>\n<strong>General Manager of T\u00fcrkiye Diyanet Foundation<\/strong><\/p>\n<p>In 1957, Izan\u0131 was born in Kaleboynu Village, Tortum district of Erzurum.After graduating from primary school, he completed his memorization in Istanbul Bayrampasa, Ye\u015fil Mosque Quran Course, where he took lessons of Arabic, hadith, and tafsir from private teachers.<\/p>\n<p>He graduated from Sakarya Imam-Hatip secondry School in 1976 and Tekirdag Imam-Hatip High School in 1980.<br \/>\nIn 1980, he served as Imam-Hatip (rhetor) of Tekirdag Marmara Eregli Cedit Ali Pasha Mosque and in 1985-1987 as Imam-Hatip of Beykoz \u00c7ubuklu \u015eenevler Mosque.He graduated from Marmara University Faculty of Theology in 1987.<\/p>\n<p>In 1988, he served as Preacher of Merzifon and did his military service. From 1990 to 1996, he served abroad in Solothurn, Switzerland.<br \/>\nHe served as Giresun Alucra District Mufti in 1996-2001, Sakarya Province Hendek District Mufti on 03.09.2001, and Istanbul Umraniye District Mufti on 18.08.2008. He served as the Provincial Mufti of Agr\u0131 on 27.12.2010, as Bolu Provincial Mufti on 24.03.2014, and as Bursa Provincial Mufti on 09.01.2017.<\/p>\n<p>Izani Turan, who retired from his assignment as Bursa Provincial Mufti, was appointed as the General Manager of the T\u00fcrkiye Diyanet Foundation with the decision of the TDV Board of Trustees dated 14.12.2021 and numbered 1668\/13.<br \/>\nIzani Turan is married with two children.<\/p>\n","protected":false},"excerpt":{"rendered":"<p>\u0130zani TURAN General Manager of T\u00fcrkiye Diyanet Foundation In 1957, Izan\u0131 was born in Kaleboynu Village, Tortum district of Erzurum.After graduating from primary school, he completed his memorization in Istanbul&#8230;<\/p>\n","protected":false},"author":8,"featured_media":0,"parent":133,"menu_order":0,"comment_status":"closed","ping_status":"closed","template":"","meta":{"footnotes":""},"class_list":["post-16998","page","type-page","status-publish"],"yoast_head":"<!-- This site is optimized with the Yoast SEO plugin v27.6 - https:\/\/yoast.com\/product\/yoast-seo-wordpress\/ -->\n<title>\u0130zani TURAN - T\u00fcrkiye Diyanet Foundation<\/title>\n<meta name=\"robots\" content=\"index, follow, max-snippet:-1, max-image-preview:large, max-video-preview:-1\" \/>\n<link rel=\"canonical\" href=\"https:\/\/tdv.org\/en-EN\/about-us\/izani-turan\/\" \/>\n<meta property=\"og:locale\" content=\"en_GB\" \/>\n<meta property=\"og:type\" content=\"article\" \/>\n<meta property=\"og:title\" content=\"\u0130zani TURAN - T\u00fcrkiye Diyanet Foundation\" \/>\n<meta property=\"og:description\" content=\"\u0130zani TURAN General Manager of T\u00fcrkiye Diyanet Foundation In 1957, Izan\u0131 was born in Kaleboynu Village, Tortum district of Erzurum.After graduating from primary school, he completed his memorization in Istanbul...\" \/>\n<meta property=\"og:url\" content=\"https:\/\/tdv.org\/en-EN\/about-us\/izani-turan\/\" \/>\n<meta property=\"og:site_name\" content=\"T\u00fcrkiye Diyanet Foundation\" \/>\n<meta property=\"article:publisher\" content=\"https:\/\/www.facebook.com\/TDVint\/\" \/>\n<meta property=\"article:modified_time\" content=\"2023-06-20T16:32:41+00:00\" \/>\n<meta property=\"og:image\" content=\"https:\/\/tdv.org\/en-EN\/wp-content\/uploads\/2023\/06\/WhatsApp-Gorsel-2023-06-20-saat-19.24.10-300x198.jpg\" \/>\n<meta name=\"twitter:card\" content=\"summary_large_image\" \/>\n<meta name=\"twitter:site\" content=\"@tdvint\" \/>\n<script type=\"application\/ld+json\" class=\"yoast-schema-graph\">{\"@context\":\"https:\\\/\\\/schema.org\",\"@graph\":[{\"@type\":\"WebPage\",\"@id\":\"https:\\\/\\\/tdv.org\\\/en-EN\\\/about-us\\\/izani-turan\\\/\",\"url\":\"https:\\\/\\\/tdv.org\\\/en-EN\\\/about-us\\\/izani-turan\\\/\",\"name\":\"\u0130zani TURAN - T\u00fcrkiye Diyanet Foundation\",\"isPartOf\":{\"@id\":\"https:\\\/\\\/tdv.org\\\/en-EN\\\/#website\"},\"primaryImageOfPage\":{\"@id\":\"https:\\\/\\\/tdv.org\\\/en-EN\\\/about-us\\\/izani-turan\\\/#primaryimage\"},\"image\":{\"@id\":\"https:\\\/\\\/tdv.org\\\/en-EN\\\/about-us\\\/izani-turan\\\/#primaryimage\"},\"thumbnailUrl\":\"https:\\\/\\\/tdv.org\\\/en-EN\\\/wp-content\\\/uploads\\\/2023\\\/06\\\/WhatsApp-Gorsel-2023-06-20-saat-19.24.10-300x198.jpg\",\"datePublished\":\"2022-01-10T10:51:34+00:00\",\"dateModified\":\"2023-06-20T16:32:41+00:00\",\"breadcrumb\":{\"@id\":\"https:\\\/\\\/tdv.org\\\/en-EN\\\/about-us\\\/izani-turan\\\/#breadcrumb\"},\"inLanguage\":\"en-GB\",\"potentialAction\":[{\"@type\":\"ReadAction\",\"target\":[\"https:\\\/\\\/tdv.org\\\/en-EN\\\/about-us\\\/izani-turan\\\/\"]}]},{\"@type\":\"ImageObject\",\"inLanguage\":\"en-GB\",\"@id\":\"https:\\\/\\\/tdv.org\\\/en-EN\\\/about-us\\\/izani-turan\\\/#primaryimage\",\"url\":\"https:\\\/\\\/tdv.org\\\/en-EN\\\/wp-content\\\/uploads\\\/2023\\\/06\\\/WhatsApp-Gorsel-2023-06-20-saat-19.24.10.jpg\",\"contentUrl\":\"https:\\\/\\\/tdv.org\\\/en-EN\\\/wp-content\\\/uploads\\\/2023\\\/06\\\/WhatsApp-Gorsel-2023-06-20-saat-19.24.10.jpg\",\"width\":1000,\"height\":661},{\"@type\":\"BreadcrumbList\",\"@id\":\"https:\\\/\\\/tdv.org\\\/en-EN\\\/about-us\\\/izani-turan\\\/#breadcrumb\",\"itemListElement\":[{\"@type\":\"ListItem\",\"position\":1,\"name\":\"Anasayfa\",\"item\":\"https:\\\/\\\/tdv.org\\\/en-EN\\\/\"},{\"@type\":\"ListItem\",\"position\":2,\"name\":\"About Us\",\"item\":\"https:\\\/\\\/tdv.org\\\/en-EN\\\/about-us\\\/\"},{\"@type\":\"ListItem\",\"position\":3,\"name\":\"\u0130zani TURAN\"}]},{\"@type\":\"WebSite\",\"@id\":\"https:\\\/\\\/tdv.org\\\/en-EN\\\/#website\",\"url\":\"https:\\\/\\\/tdv.org\\\/en-EN\\\/\",\"name\":\"T\u00fcrkiye Diyanet Foundation\",\"description\":\"&quot;Untill goodness prevails on earth&quot;\",\"publisher\":{\"@id\":\"https:\\\/\\\/tdv.org\\\/en-EN\\\/#organization\"},\"potentialAction\":[{\"@type\":\"SearchAction\",\"target\":{\"@type\":\"EntryPoint\",\"urlTemplate\":\"https:\\\/\\\/tdv.org\\\/en-EN\\\/?s={search_term_string}\"},\"query-input\":{\"@type\":\"PropertyValueSpecification\",\"valueRequired\":true,\"valueName\":\"search_term_string\"}}],\"inLanguage\":\"en-GB\"},{\"@type\":\"Organization\",\"@id\":\"https:\\\/\\\/tdv.org\\\/en-EN\\\/#organization\",\"name\":\"T\u00fcrkiye Diyanet Foundation\",\"url\":\"https:\\\/\\\/tdv.org\\\/en-EN\\\/\",\"logo\":{\"@type\":\"ImageObject\",\"inLanguage\":\"en-GB\",\"@id\":\"https:\\\/\\\/tdv.org\\\/en-EN\\\/#\\\/schema\\\/logo\\\/image\\\/\",\"url\":\"https:\\\/\\\/tdv.org\\\/en-EN\\\/wp-content\\\/uploads\\\/2018\\\/12\\\/TDV_Logo_1.png\",\"contentUrl\":\"https:\\\/\\\/tdv.org\\\/en-EN\\\/wp-content\\\/uploads\\\/2018\\\/12\\\/TDV_Logo_1.png\",\"width\":207,\"height\":71,\"caption\":\"T\u00fcrkiye Diyanet Foundation\"},\"image\":{\"@id\":\"https:\\\/\\\/tdv.org\\\/en-EN\\\/#\\\/schema\\\/logo\\\/image\\\/\"},\"sameAs\":[\"https:\\\/\\\/www.facebook.com\\\/TDVint\\\/\",\"https:\\\/\\\/x.com\\\/tdvint\",\"https:\\\/\\\/instagram.com\\\/tdvint\",\"https:\\\/\\\/www.youtube.com\\\/user\\\/TurkiyeDiyanetVakfi\"]}]}<\/script>\n<!-- \/ Yoast SEO plugin. -->","yoast_head_json":{"title":"\u0130zani TURAN - T\u00fcrkiye Diyanet Foundation","robots":{"index":"index","follow":"follow","max-snippet":"max-snippet:-1","max-image-preview":"max-image-preview:large","max-video-preview":"max-video-preview:-1"},"canonical":"https:\/\/tdv.org\/en-EN\/about-us\/izani-turan\/","og_locale":"en_GB","og_type":"article","og_title":"\u0130zani TURAN - T\u00fcrkiye Diyanet Foundation","og_description":"\u0130zani TURAN General Manager of T\u00fcrkiye Diyanet Foundation In 1957, Izan\u0131 was born in Kaleboynu Village, Tortum district of Erzurum.After graduating from primary school, he completed his memorization in Istanbul...","og_url":"https:\/\/tdv.org\/en-EN\/about-us\/izani-turan\/","og_site_name":"T\u00fcrkiye Diyanet Foundation","article_publisher":"https:\/\/www.facebook.com\/TDVint\/","article_modified_time":"2023-06-20T16:32:41+00:00","og_image":[{"url":"https:\/\/tdv.org\/en-EN\/wp-content\/uploads\/2023\/06\/WhatsApp-Gorsel-2023-06-20-saat-19.24.10-300x198.jpg","type":"","width":"","height":""}],"twitter_card":"summary_large_image","twitter_site":"@tdvint","schema":{"@context":"https:\/\/schema.org","@graph":[{"@type":"WebPage","@id":"https:\/\/tdv.org\/en-EN\/about-us\/izani-turan\/","url":"https:\/\/tdv.org\/en-EN\/about-us\/izani-turan\/","name":"\u0130zani TURAN - T\u00fcrkiye Diyanet Foundation","isPartOf":{"@id":"https:\/\/tdv.org\/en-EN\/#website"},"primaryImageOfPage":{"@id":"https:\/\/tdv.org\/en-EN\/about-us\/izani-turan\/#primaryimage"},"image":{"@id":"https:\/\/tdv.org\/en-EN\/about-us\/izani-turan\/#primaryimage"},"thumbnailUrl":"https:\/\/tdv.org\/en-EN\/wp-content\/uploads\/2023\/06\/WhatsApp-Gorsel-2023-06-20-saat-19.24.10-300x198.jpg","datePublished":"2022-01-10T10:51:34+00:00","dateModified":"2023-06-20T16:32:41+00:00","breadcrumb":{"@id":"https:\/\/tdv.org\/en-EN\/about-us\/izani-turan\/#breadcrumb"},"inLanguage":"en-GB","potentialAction":[{"@type":"ReadAction","target":["https:\/\/tdv.org\/en-EN\/about-us\/izani-turan\/"]}]},{"@type":"ImageObject","inLanguage":"en-GB","@id":"https:\/\/tdv.org\/en-EN\/about-us\/izani-turan\/#primaryimage","url":"https:\/\/tdv.org\/en-EN\/wp-content\/uploads\/2023\/06\/WhatsApp-Gorsel-2023-06-20-saat-19.24.10.jpg","contentUrl":"https:\/\/tdv.org\/en-EN\/wp-content\/uploads\/2023\/06\/WhatsApp-Gorsel-2023-06-20-saat-19.24.10.jpg","width":1000,"height":661},{"@type":"BreadcrumbList","@id":"https:\/\/tdv.org\/en-EN\/about-us\/izani-turan\/#breadcrumb","itemListElement":[{"@type":"ListItem","position":1,"name":"Anasayfa","item":"https:\/\/tdv.org\/en-EN\/"},{"@type":"ListItem","position":2,"name":"About Us","item":"https:\/\/tdv.org\/en-EN\/about-us\/"},{"@type":"ListItem","position":3,"name":"\u0130zani TURAN"}]},{"@type":"WebSite","@id":"https:\/\/tdv.org\/en-EN\/#website","url":"https:\/\/tdv.org\/en-EN\/","name":"T\u00fcrkiye Diyanet Foundation","description":"&quot;Untill goodness prevails on earth&quot;","publisher":{"@id":"https:\/\/tdv.org\/en-EN\/#organization"},"potentialAction":[{"@type":"SearchAction","target":{"@type":"EntryPoint","urlTemplate":"https:\/\/tdv.org\/en-EN\/?s={search_term_string}"},"query-input":{"@type":"PropertyValueSpecification","valueRequired":true,"valueName":"search_term_string"}}],"inLanguage":"en-GB"},{"@type":"Organization","@id":"https:\/\/tdv.org\/en-EN\/#organization","name":"T\u00fcrkiye Diyanet Foundation","url":"https:\/\/tdv.org\/en-EN\/","logo":{"@type":"ImageObject","inLanguage":"en-GB","@id":"https:\/\/tdv.org\/en-EN\/#\/schema\/logo\/image\/","url":"https:\/\/tdv.org\/en-EN\/wp-content\/uploads\/2018\/12\/TDV_Logo_1.png","contentUrl":"https:\/\/tdv.org\/en-EN\/wp-content\/uploads\/2018\/12\/TDV_Logo_1.png","width":207,"height":71,"caption":"T\u00fcrkiye Diyanet Foundation"},"image":{"@id":"https:\/\/tdv.org\/en-EN\/#\/schema\/logo\/image\/"},"sameAs":["https:\/\/www.facebook.com\/TDVint\/","https:\/\/x.com\/tdvint","https:\/\/instagram.com\/tdvint","https:\/\/www.youtube.com\/user\/TurkiyeDiyanetVakfi"]}]}},"_links":{"self":[{"href":"https:\/\/tdv.org\/en-EN\/wp-json\/wp\/v2\/pages\/16998","targetHints":{"allow":["GET"]}}],"collection":[{"href":"https:\/\/tdv.org\/en-EN\/wp-json\/wp\/v2\/pages"}],"about":[{"href":"https:\/\/tdv.org\/en-EN\/wp-json\/wp\/v2\/types\/page"}],"author":[{"embeddable":true,"href":"https:\/\/tdv.org\/en-EN\/wp-json\/wp\/v2\/users\/8"}],"replies":[{"embeddable":true,"href":"https:\/\/tdv.org\/en-EN\/wp-json\/wp\/v2\/comments?post=16998"}],"version-history":[{"count":9,"href":"https:\/\/tdv.org\/en-EN\/wp-json\/wp\/v2\/pages\/16998\/revisions"}],"predecessor-version":[{"id":20061,"href":"https:\/\/tdv.org\/en-EN\/wp-json\/wp\/v2\/pages\/16998\/revisions\/20061"}],"up":[{"embeddable":true,"href":"https:\/\/tdv.org\/en-EN\/wp-json\/wp\/v2\/pages\/133"}],"wp:attachment":[{"href":"https:\/\/tdv.org\/en-EN\/wp-json\/wp\/v2\/media?parent=16998"}],"curies":[{"name":"wp","href":"https:\/\/api.w.org\/{rel}","templated":true}]}}