{"id":22140,"date":"2025-09-29T08:34:49","date_gmt":"2025-09-29T05:34:49","guid":{"rendered":"https:\/\/tdv.org\/en-EN\/?page_id=22140"},"modified":"2025-09-29T08:38:11","modified_gmt":"2025-09-29T05:38:11","slug":"recep-sukru-balkan","status":"publish","type":"page","link":"https:\/\/tdv.org\/en-EN\/about-us\/recep-sukru-balkan\/","title":{"rendered":"Recep \u015e\u00fckr\u00fc BALKAN"},"content":{"rendered":"[vc_row type=&#8221;full_width_background&#8221; full_screen_row_position=&#8221;middle&#8221; column_margin=&#8221;default&#8221; equal_height=&#8221;yes&#8221; content_placement=&#8221;middle&#8221; column_direction=&#8221;default&#8221; column_direction_tablet=&#8221;default&#8221; column_direction_phone=&#8221;default&#8221; bg_color=&#8221;#ffffff&#8221; full_height=&#8221;yes&#8221; columns_placement=&#8221;stretch&#8221; scene_position=&#8221;center&#8221; top_padding=&#8221;50&#8243; bottom_padding=&#8221;50&#8243; text_color=&#8221;dark&#8221; text_align=&#8221;center&#8221; row_border_radius=&#8221;none&#8221; row_border_radius_applies=&#8221;bg&#8221; overflow=&#8221;visible&#8221; id=&#8221;kurumsalkimlik&#8221; overlay_strength=&#8221;0.3&#8243; gradient_direction=&#8221;left_to_right&#8221; shape_divider_position=&#8221;bottom&#8221; bg_image_animation=&#8221;none&#8221; shape_type=&#8221;&#8221; gradient_type=&#8221;default&#8221;][vc_column column_padding=&#8221;padding-3-percent&#8221; column_padding_tablet=&#8221;inherit&#8221; column_padding_phone=&#8221;inherit&#8221; column_padding_position=&#8221;all&#8221; column_element_direction_desktop=&#8221;default&#8221; column_element_spacing=&#8221;default&#8221; centered_text=&#8221;true&#8221; desktop_text_alignment=&#8221;center&#8221; tablet_text_alignment=&#8221;default&#8221; phone_text_alignment=&#8221;default&#8221; background_color_opacity=&#8221;1&#8243; background_hover_color_opacity=&#8221;1&#8243; column_backdrop_filter=&#8221;none&#8221; column_shadow=&#8221;small_depth&#8221; column_border_radius=&#8221;none&#8221; column_link_target=&#8221;_self&#8221; column_position=&#8221;default&#8221; gradient_direction=&#8221;left_to_right&#8221; overlay_strength=&#8221;0.3&#8243; width=&#8221;1\/1&#8243; tablet_width_inherit=&#8221;default&#8221; animation_type=&#8221;default&#8221; bg_image_animation=&#8221;none&#8221; border_type=&#8221;simple&#8221; column_border_width=&#8221;none&#8221; column_border_color=&#8221;#e5cb94&#8243; column_border_style=&#8221;double&#8221; enable_border_animation=&#8221;true&#8221; border_animation_delay=&#8221;300&#8243; column_padding_type=&#8221;default&#8221; gradient_type=&#8221;default&#8221;][image_with_animation image_url=&#8221;22141&#8243; image_size=&#8221;full&#8221; max_width=&#8221;75%&#8221; max_width_mobile=&#8221;default&#8221; animation_type=&#8221;entrance&#8221; animation=&#8221;Fade In&#8221; animation_easing=&#8221;default&#8221; animation_movement_type=&#8221;transform_y&#8221; hover_animation=&#8221;none&#8221; alignment=&#8221;center&#8221; border_radius=&#8221;3px&#8221; box_shadow=&#8221;none&#8221; image_loading=&#8221;default&#8221;][vc_column_text css=&#8221;&#8221; text_direction=&#8221;default&#8221;]\n<p style=\"text-align: center;\"><strong>Recep \u015e\u00fckr\u00fc BALKAN<br \/>\n<\/strong><strong>Deputy General Manager of the T\u00fcrkiye Diyanet Foundation<\/strong><\/p>\n<p style=\"text-align: justify;\">Recep \u015e\u00fckr\u00fc Balkan, a native of Korgun in \u00c7ank\u0131r\u0131, was born in \u00dcsk\u00fcdar, Istanbul, in 1968. After completing his primary education, he pursued Qur\u2019anic studies and achieved full memorization of the Qur\u2019an at the Beykoz G\u00f6ksu Qur\u2019an Course in Istanbul. He subsequently graduated from \u00dcsk\u00fcdar Imam Hatip High School in 1989 and later from the Faculty of Theology at Marmara University in 1995. Following the fulfillment of his compulsory military service, he undertook further specialization at the Istanbul Haseki Training Center as part of its 14th cohort in 1997, completing his program in 1999.<\/p>\n<p style=\"text-align: justify;\">That same year, upon successful completion of the m\u00fcft\u00fcl\u00fck examination, he commenced his first appointment as District Mufti of Hisarc\u0131k, K\u00fctahya. His subsequent professional trajectory included appointments as District Mufti of Karap\u00fcr\u00e7ek,\u00a0 Sakarya (2002), District Mufti of Hendek (2008), District Mufti of Gebze, Kocaeli (2011), and finally as Provincial Mufti of Sivas in 2013.<\/p>\n<p style=\"text-align: justify;\">Following his appointment as Provincial Mufti of \u0130zmir by decree published in the Official Gazette on May 3, 2018, he served in that capacity until his retirement on January 15, 2021.<\/p>\n<p style=\"text-align: justify;\">On May 1, 2024, he was entrusted with the position of Deputy Manager General of the T\u00fcrkiye Diyanet Foundation.<\/p>\n<p style=\"text-align: justify;\">Recep \u015e\u00fckr\u00fc Balkan is married and the father of two children.<\/p>\n[\/vc_column_text][\/vc_column][\/vc_row]\n","protected":false},"excerpt":{"rendered":"<p>[vc_row type=&#8221;full_width_background&#8221; full_screen_row_position=&#8221;middle&#8221; column_margin=&#8221;default&#8221; equal_height=&#8221;yes&#8221; content_placement=&#8221;middle&#8221; column_direction=&#8221;default&#8221; column_direction_tablet=&#8221;default&#8221; column_direction_phone=&#8221;default&#8221; bg_color=&#8221;#ffffff&#8221; full_height=&#8221;yes&#8221; columns_placement=&#8221;stretch&#8221; scene_position=&#8221;center&#8221; top_padding=&#8221;50&#8243; bottom_padding=&#8221;50&#8243; text_color=&#8221;dark&#8221; text_align=&#8221;center&#8221; row_border_radius=&#8221;none&#8221; row_border_radius_applies=&#8221;bg&#8221; overflow=&#8221;visible&#8221; id=&#8221;kurumsalkimlik&#8221; overlay_strength=&#8221;0.3&#8243; gradient_direction=&#8221;left_to_right&#8221; shape_divider_position=&#8221;bottom&#8221; bg_image_animation=&#8221;none&#8221; shape_type=&#8221;&#8221; gradient_type=&#8221;default&#8221;][vc_column column_padding=&#8221;padding-3-percent&#8221; column_padding_tablet=&#8221;inherit&#8221; column_padding_phone=&#8221;inherit&#8221;&#8230;<\/p>\n","protected":false},"author":8,"featured_media":0,"parent":133,"menu_order":0,"comment_status":"closed","ping_status":"closed","template":"","meta":{"footnotes":""},"class_list":["post-22140","page","type-page","status-publish"],"yoast_head":"<!-- This site is optimized with the Yoast SEO plugin v27.4 - https:\/\/yoast.com\/product\/yoast-seo-wordpress\/ -->\n<title>Recep \u015e\u00fckr\u00fc BALKAN - T\u00fcrkiye Diyanet Foundation<\/title>\n<meta name=\"robots\" content=\"index, follow, max-snippet:-1, max-image-preview:large, max-video-preview:-1\" \/>\n<link rel=\"canonical\" href=\"https:\/\/tdv.org\/en-EN\/about-us\/recep-sukru-balkan\/\" \/>\n<meta property=\"og:locale\" content=\"en_GB\" \/>\n<meta property=\"og:type\" content=\"article\" \/>\n<meta property=\"og:title\" content=\"Recep \u015e\u00fckr\u00fc BALKAN - T\u00fcrkiye Diyanet Foundation\" \/>\n<meta property=\"og:description\" content=\"[vc_row type=&#8221;full_width_background&#8221; full_screen_row_position=&#8221;middle&#8221; column_margin=&#8221;default&#8221; equal_height=&#8221;yes&#8221; content_placement=&#8221;middle&#8221; column_direction=&#8221;default&#8221; column_direction_tablet=&#8221;default&#8221; column_direction_phone=&#8221;default&#8221; bg_color=&#8221;#ffffff&#8221; full_height=&#8221;yes&#8221; columns_placement=&#8221;stretch&#8221; scene_position=&#8221;center&#8221; top_padding=&#8221;50&#8243; bottom_padding=&#8221;50&#8243; text_color=&#8221;dark&#8221; text_align=&#8221;center&#8221; row_border_radius=&#8221;none&#8221; row_border_radius_applies=&#8221;bg&#8221; overflow=&#8221;visible&#8221; id=&#8221;kurumsalkimlik&#8221; overlay_strength=&#8221;0.3&#8243; gradient_direction=&#8221;left_to_right&#8221; shape_divider_position=&#8221;bottom&#8221; bg_image_animation=&#8221;none&#8221; shape_type=&#8221;&#8221; gradient_type=&#8221;default&#8221;][vc_column column_padding=&#8221;padding-3-percent&#8221; column_padding_tablet=&#8221;inherit&#8221; column_padding_phone=&#8221;inherit&#8221;...\" \/>\n<meta property=\"og:url\" content=\"https:\/\/tdv.org\/en-EN\/about-us\/recep-sukru-balkan\/\" \/>\n<meta property=\"og:site_name\" content=\"T\u00fcrkiye Diyanet Foundation\" \/>\n<meta property=\"article:publisher\" content=\"https:\/\/www.facebook.com\/TDVint\/\" \/>\n<meta property=\"article:modified_time\" content=\"2025-09-29T05:38:11+00:00\" \/>\n<meta name=\"twitter:card\" content=\"summary_large_image\" \/>\n<meta name=\"twitter:site\" content=\"@tdvint\" \/>\n<script type=\"application\/ld+json\" class=\"yoast-schema-graph\">{\"@context\":\"https:\\\/\\\/schema.org\",\"@graph\":[{\"@type\":\"WebPage\",\"@id\":\"https:\\\/\\\/tdv.org\\\/en-EN\\\/about-us\\\/recep-sukru-balkan\\\/\",\"url\":\"https:\\\/\\\/tdv.org\\\/en-EN\\\/about-us\\\/recep-sukru-balkan\\\/\",\"name\":\"Recep \u015e\u00fckr\u00fc BALKAN - T\u00fcrkiye Diyanet Foundation\",\"isPartOf\":{\"@id\":\"https:\\\/\\\/tdv.org\\\/en-EN\\\/#website\"},\"datePublished\":\"2025-09-29T05:34:49+00:00\",\"dateModified\":\"2025-09-29T05:38:11+00:00\",\"breadcrumb\":{\"@id\":\"https:\\\/\\\/tdv.org\\\/en-EN\\\/about-us\\\/recep-sukru-balkan\\\/#breadcrumb\"},\"inLanguage\":\"en-GB\",\"potentialAction\":[{\"@type\":\"ReadAction\",\"target\":[\"https:\\\/\\\/tdv.org\\\/en-EN\\\/about-us\\\/recep-sukru-balkan\\\/\"]}]},{\"@type\":\"BreadcrumbList\",\"@id\":\"https:\\\/\\\/tdv.org\\\/en-EN\\\/about-us\\\/recep-sukru-balkan\\\/#breadcrumb\",\"itemListElement\":[{\"@type\":\"ListItem\",\"position\":1,\"name\":\"Anasayfa\",\"item\":\"https:\\\/\\\/tdv.org\\\/en-EN\\\/\"},{\"@type\":\"ListItem\",\"position\":2,\"name\":\"About Us\",\"item\":\"https:\\\/\\\/tdv.org\\\/en-EN\\\/about-us\\\/\"},{\"@type\":\"ListItem\",\"position\":3,\"name\":\"Recep \u015e\u00fckr\u00fc BALKAN\"}]},{\"@type\":\"WebSite\",\"@id\":\"https:\\\/\\\/tdv.org\\\/en-EN\\\/#website\",\"url\":\"https:\\\/\\\/tdv.org\\\/en-EN\\\/\",\"name\":\"T\u00fcrkiye Diyanet Foundation\",\"description\":\"&quot;Untill goodness prevails on earth&quot;\",\"publisher\":{\"@id\":\"https:\\\/\\\/tdv.org\\\/en-EN\\\/#organization\"},\"potentialAction\":[{\"@type\":\"SearchAction\",\"target\":{\"@type\":\"EntryPoint\",\"urlTemplate\":\"https:\\\/\\\/tdv.org\\\/en-EN\\\/?s={search_term_string}\"},\"query-input\":{\"@type\":\"PropertyValueSpecification\",\"valueRequired\":true,\"valueName\":\"search_term_string\"}}],\"inLanguage\":\"en-GB\"},{\"@type\":\"Organization\",\"@id\":\"https:\\\/\\\/tdv.org\\\/en-EN\\\/#organization\",\"name\":\"T\u00fcrkiye Diyanet Foundation\",\"url\":\"https:\\\/\\\/tdv.org\\\/en-EN\\\/\",\"logo\":{\"@type\":\"ImageObject\",\"inLanguage\":\"en-GB\",\"@id\":\"https:\\\/\\\/tdv.org\\\/en-EN\\\/#\\\/schema\\\/logo\\\/image\\\/\",\"url\":\"https:\\\/\\\/tdv.org\\\/en-EN\\\/wp-content\\\/uploads\\\/2018\\\/12\\\/TDV_Logo_1.png\",\"contentUrl\":\"https:\\\/\\\/tdv.org\\\/en-EN\\\/wp-content\\\/uploads\\\/2018\\\/12\\\/TDV_Logo_1.png\",\"width\":207,\"height\":71,\"caption\":\"T\u00fcrkiye Diyanet Foundation\"},\"image\":{\"@id\":\"https:\\\/\\\/tdv.org\\\/en-EN\\\/#\\\/schema\\\/logo\\\/image\\\/\"},\"sameAs\":[\"https:\\\/\\\/www.facebook.com\\\/TDVint\\\/\",\"https:\\\/\\\/x.com\\\/tdvint\",\"https:\\\/\\\/instagram.com\\\/tdvint\",\"https:\\\/\\\/www.youtube.com\\\/user\\\/TurkiyeDiyanetVakfi\"]}]}<\/script>\n<!-- \/ Yoast SEO plugin. -->","yoast_head_json":{"title":"Recep \u015e\u00fckr\u00fc BALKAN - T\u00fcrkiye Diyanet Foundation","robots":{"index":"index","follow":"follow","max-snippet":"max-snippet:-1","max-image-preview":"max-image-preview:large","max-video-preview":"max-video-preview:-1"},"canonical":"https:\/\/tdv.org\/en-EN\/about-us\/recep-sukru-balkan\/","og_locale":"en_GB","og_type":"article","og_title":"Recep \u015e\u00fckr\u00fc BALKAN - T\u00fcrkiye Diyanet Foundation","og_description":"[vc_row type=&#8221;full_width_background&#8221; full_screen_row_position=&#8221;middle&#8221; column_margin=&#8221;default&#8221; equal_height=&#8221;yes&#8221; content_placement=&#8221;middle&#8221; column_direction=&#8221;default&#8221; column_direction_tablet=&#8221;default&#8221; column_direction_phone=&#8221;default&#8221; bg_color=&#8221;#ffffff&#8221; full_height=&#8221;yes&#8221; columns_placement=&#8221;stretch&#8221; scene_position=&#8221;center&#8221; top_padding=&#8221;50&#8243; bottom_padding=&#8221;50&#8243; text_color=&#8221;dark&#8221; text_align=&#8221;center&#8221; row_border_radius=&#8221;none&#8221; row_border_radius_applies=&#8221;bg&#8221; overflow=&#8221;visible&#8221; id=&#8221;kurumsalkimlik&#8221; overlay_strength=&#8221;0.3&#8243; gradient_direction=&#8221;left_to_right&#8221; shape_divider_position=&#8221;bottom&#8221; bg_image_animation=&#8221;none&#8221; shape_type=&#8221;&#8221; gradient_type=&#8221;default&#8221;][vc_column column_padding=&#8221;padding-3-percent&#8221; column_padding_tablet=&#8221;inherit&#8221; column_padding_phone=&#8221;inherit&#8221;...","og_url":"https:\/\/tdv.org\/en-EN\/about-us\/recep-sukru-balkan\/","og_site_name":"T\u00fcrkiye Diyanet Foundation","article_publisher":"https:\/\/www.facebook.com\/TDVint\/","article_modified_time":"2025-09-29T05:38:11+00:00","twitter_card":"summary_large_image","twitter_site":"@tdvint","schema":{"@context":"https:\/\/schema.org","@graph":[{"@type":"WebPage","@id":"https:\/\/tdv.org\/en-EN\/about-us\/recep-sukru-balkan\/","url":"https:\/\/tdv.org\/en-EN\/about-us\/recep-sukru-balkan\/","name":"Recep \u015e\u00fckr\u00fc BALKAN - T\u00fcrkiye Diyanet Foundation","isPartOf":{"@id":"https:\/\/tdv.org\/en-EN\/#website"},"datePublished":"2025-09-29T05:34:49+00:00","dateModified":"2025-09-29T05:38:11+00:00","breadcrumb":{"@id":"https:\/\/tdv.org\/en-EN\/about-us\/recep-sukru-balkan\/#breadcrumb"},"inLanguage":"en-GB","potentialAction":[{"@type":"ReadAction","target":["https:\/\/tdv.org\/en-EN\/about-us\/recep-sukru-balkan\/"]}]},{"@type":"BreadcrumbList","@id":"https:\/\/tdv.org\/en-EN\/about-us\/recep-sukru-balkan\/#breadcrumb","itemListElement":[{"@type":"ListItem","position":1,"name":"Anasayfa","item":"https:\/\/tdv.org\/en-EN\/"},{"@type":"ListItem","position":2,"name":"About Us","item":"https:\/\/tdv.org\/en-EN\/about-us\/"},{"@type":"ListItem","position":3,"name":"Recep \u015e\u00fckr\u00fc BALKAN"}]},{"@type":"WebSite","@id":"https:\/\/tdv.org\/en-EN\/#website","url":"https:\/\/tdv.org\/en-EN\/","name":"T\u00fcrkiye Diyanet Foundation","description":"&quot;Untill goodness prevails on earth&quot;","publisher":{"@id":"https:\/\/tdv.org\/en-EN\/#organization"},"potentialAction":[{"@type":"SearchAction","target":{"@type":"EntryPoint","urlTemplate":"https:\/\/tdv.org\/en-EN\/?s={search_term_string}"},"query-input":{"@type":"PropertyValueSpecification","valueRequired":true,"valueName":"search_term_string"}}],"inLanguage":"en-GB"},{"@type":"Organization","@id":"https:\/\/tdv.org\/en-EN\/#organization","name":"T\u00fcrkiye Diyanet Foundation","url":"https:\/\/tdv.org\/en-EN\/","logo":{"@type":"ImageObject","inLanguage":"en-GB","@id":"https:\/\/tdv.org\/en-EN\/#\/schema\/logo\/image\/","url":"https:\/\/tdv.org\/en-EN\/wp-content\/uploads\/2018\/12\/TDV_Logo_1.png","contentUrl":"https:\/\/tdv.org\/en-EN\/wp-content\/uploads\/2018\/12\/TDV_Logo_1.png","width":207,"height":71,"caption":"T\u00fcrkiye Diyanet Foundation"},"image":{"@id":"https:\/\/tdv.org\/en-EN\/#\/schema\/logo\/image\/"},"sameAs":["https:\/\/www.facebook.com\/TDVint\/","https:\/\/x.com\/tdvint","https:\/\/instagram.com\/tdvint","https:\/\/www.youtube.com\/user\/TurkiyeDiyanetVakfi"]}]}},"_links":{"self":[{"href":"https:\/\/tdv.org\/en-EN\/wp-json\/wp\/v2\/pages\/22140","targetHints":{"allow":["GET"]}}],"collection":[{"href":"https:\/\/tdv.org\/en-EN\/wp-json\/wp\/v2\/pages"}],"about":[{"href":"https:\/\/tdv.org\/en-EN\/wp-json\/wp\/v2\/types\/page"}],"author":[{"embeddable":true,"href":"https:\/\/tdv.org\/en-EN\/wp-json\/wp\/v2\/users\/8"}],"replies":[{"embeddable":true,"href":"https:\/\/tdv.org\/en-EN\/wp-json\/wp\/v2\/comments?post=22140"}],"version-history":[{"count":4,"href":"https:\/\/tdv.org\/en-EN\/wp-json\/wp\/v2\/pages\/22140\/revisions"}],"predecessor-version":[{"id":22146,"href":"https:\/\/tdv.org\/en-EN\/wp-json\/wp\/v2\/pages\/22140\/revisions\/22146"}],"up":[{"embeddable":true,"href":"https:\/\/tdv.org\/en-EN\/wp-json\/wp\/v2\/pages\/133"}],"wp:attachment":[{"href":"https:\/\/tdv.org\/en-EN\/wp-json\/wp\/v2\/media?parent=22140"}],"curies":[{"name":"wp","href":"https:\/\/api.w.org\/{rel}","templated":true}]}}