{"id":15780,"date":"2022-01-10T12:26:55","date_gmt":"2022-01-10T09:26:55","guid":{"rendered":"https:\/\/tdv.org\/tr-TR\/?page_id=15780"},"modified":"2026-04-07T10:16:50","modified_gmt":"2026-04-07T07:16:50","slug":"izani-turan","status":"publish","type":"page","link":"https:\/\/tdv.org\/tr-TR\/kurumsal\/izani-turan\/","title":{"rendered":"\u0130zani TURAN"},"content":{"rendered":"[vc_row type=&#8221;full_width_background&#8221; full_screen_row_position=&#8221;middle&#8221; column_margin=&#8221;default&#8221; equal_height=&#8221;yes&#8221; content_placement=&#8221;middle&#8221; column_direction=&#8221;default&#8221; column_direction_tablet=&#8221;default&#8221; column_direction_phone=&#8221;default&#8221; bg_color=&#8221;#ffffff&#8221; full_height=&#8221;yes&#8221; columns_placement=&#8221;stretch&#8221; scene_position=&#8221;center&#8221; top_padding=&#8221;50&#8243; bottom_padding=&#8221;50&#8243; text_color=&#8221;dark&#8221; text_align=&#8221;left&#8221; row_border_radius=&#8221;none&#8221; row_border_radius_applies=&#8221;bg&#8221; row_position_desktop=&#8221;default&#8221; row_position_tablet=&#8221;inherit&#8221; row_position_phone=&#8221;inherit&#8221; overflow=&#8221;visible&#8221; id=&#8221;kurumsalkimlik&#8221; overlay_strength=&#8221;0.3&#8243; gradient_direction=&#8221;left_to_right&#8221; shape_divider_position=&#8221;bottom&#8221; bg_image_animation=&#8221;none&#8221; shape_type=&#8221;&#8221;][vc_column column_padding=&#8221;padding-3-percent&#8221; column_padding_tablet=&#8221;inherit&#8221; column_padding_phone=&#8221;inherit&#8221; column_padding_position=&#8221;all&#8221; flex_gap_desktop=&#8221;10px&#8221; column_element_direction_desktop=&#8221;default&#8221; column_element_spacing=&#8221;default&#8221; centered_text=&#8221;true&#8221; desktop_text_alignment=&#8221;default&#8221; tablet_text_alignment=&#8221;default&#8221; phone_text_alignment=&#8221;default&#8221; background_color_opacity=&#8221;1&#8243; background_hover_color_opacity=&#8221;1&#8243; column_backdrop_filter=&#8221;none&#8221; column_shadow=&#8221;small_depth&#8221; column_border_radius=&#8221;none&#8221; column_link_target=&#8221;_self&#8221; column_position=&#8221;default&#8221; gradient_direction=&#8221;left_to_right&#8221; overlay_strength=&#8221;0.3&#8243; width=&#8221;1\/1&#8243; tablet_width_inherit=&#8221;default&#8221; animation_type=&#8221;default&#8221; bg_image_animation=&#8221;none&#8221; border_type=&#8221;simple&#8221; column_border_width=&#8221;none&#8221; column_border_color=&#8221;#e5cb94&#8243; column_border_style=&#8221;double&#8221; enable_border_animation=&#8221;true&#8221; border_animation_delay=&#8221;300&#8243;][image_with_animation image_url=&#8221;32833&#8243; image_size=&#8221;full&#8221; max_width=&#8221;100%&#8221; max_width_mobile=&#8221;default&#8221; animation_type=&#8221;entrance&#8221; animation=&#8221;Fade In&#8221; animation_easing=&#8221;default&#8221; animation_movement_type=&#8221;transform_y&#8221; hover_animation=&#8221;none&#8221; alignment=&#8221;center&#8221; border_radius=&#8221;5px&#8221; box_shadow=&#8221;none&#8221; image_loading=&#8221;default&#8221;][divider line_type=&#8221;No Line&#8221; custom_height=&#8221;20&#8243;][vc_column_text]\n<p style=\"text-align: center;\"><strong>\u0130zani TURAN<br \/>\n<\/strong><strong>T\u00fcrkiye Diyanet Vakf\u0131 Genel M\u00fcd\u00fcr\u00fc<\/strong><\/p>\n<p style=\"text-align: justify;\">1957 Y\u0131l\u0131nda Erzurum&#8217;un Tortum il\u00e7esi, Kaleboynu K\u00f6y\u00fc\u2019nde d\u00fcnyaya geldi. \u0130lkokulu bitirdikten sonra, \u0130stanbul Bayrampa\u015fa, Ye\u015fil Camii Kur&#8217;an Kursu\u2019nda haf\u0131zl\u0131\u011f\u0131n\u0131 ikmal edip, \u00f6zel hocalardan Arap\u00e7a, hadis ve tefsir dersleri ald\u0131.<\/p>\n<p style=\"text-align: justify;\">1976\u2019da Sakarya \u0130mam-Hatip Lisesi orta k\u0131sm\u0131, 1980 y\u0131l\u0131nda Tekirda\u011f \u0130mam-Hatip Lisesinden mezun oldu. 1980 y\u0131l\u0131nda Tekirda\u011f Marmara Ere\u011fli Cedit Ali Pa\u015fa Camii \u0130mam-Hatipli\u011fi, 1985-1987 y\u0131llar\u0131nda Beykoz \u00c7ubuklu \u015eenevler Camii \u0130mam-Hatipli\u011fi g\u00f6revlerini y\u00fcr\u00fctt\u00fc. 1987 y\u0131l\u0131nda Marmara \u00dcniversitesi \u0130lahiyat Fak\u00fcltesi\u2019ni bitirdi.<\/p>\n<p style=\"text-align: justify;\">1988\u2019de Merzifon Vaizli\u011fi ve vatani g\u00f6revini yerine getirdi. 1990-1996 y\u0131llar\u0131 aras\u0131nda \u0130svi\u00e7re&#8217;nin Solothurn \u015fehrinde yurtd\u0131\u015f\u0131 g\u00f6revini yapt\u0131. 1996-2001 Giresun Alucra \u0130l\u00e7e M\u00fcft\u00fcl\u00fc\u011f\u00fc, 03.09.2001 tarihinde Sakarya \u0130li Hendek \u0130l\u00e7e M\u00fcft\u00fcl\u00fc\u011f\u00fc, 18.08.2008 Tarihinde \u0130stanbul \u00dcmraniye \u0130l\u00e7e M\u00fcft\u00fcl\u00fc\u011f\u00fc yapt\u0131.<\/p>\n<p style=\"text-align: justify;\">27.12.2010 A\u011fr\u0131 \u0130l M\u00fcft\u00fcl\u00fc\u011f\u00fc, 24.03.2014 tarihinde Bolu \u0130l M\u00fcft\u00fcl\u00fc\u011f\u00fc, 09.01.2017 Tarihinde Bursa \u0130l M\u00fcft\u00fcl\u00fc\u011f\u00fc g\u00f6revini yerine getirdi.<\/p>\n<p style=\"text-align: justify;\">Bursa \u0130l M\u00fcft\u00fcl\u00fc\u011f\u00fc g\u00f6revinden emekliye ayr\u0131lan \u0130zani Turan, TDV M\u00fctevelli Heyeti 14.12.2021 tarih ve 1668\/13 say\u0131l\u0131 karar\u0131 ile T\u00fcrkiye Diyanet Vakf\u0131 Genel M\u00fcd\u00fcrl\u00fc\u011f\u00fcne atanm\u0131\u015ft\u0131r.<\/p>\n<p style=\"text-align: justify;\">\u0130zani Turan, evli ve iki \u00e7ocuk babas\u0131d\u0131r.<\/p>\n[\/vc_column_text][vc_row_inner column_margin=&#8221;default&#8221; column_direction=&#8221;default&#8221; column_direction_tablet=&#8221;default&#8221; column_direction_phone=&#8221;default&#8221; text_align=&#8221;left&#8221; row_position=&#8221;default&#8221; row_position_tablet=&#8221;inherit&#8221; row_position_phone=&#8221;inherit&#8221; overflow=&#8221;visible&#8221; pointer_events=&#8221;all&#8221;][vc_column_inner column_padding=&#8221;no-extra-padding&#8221; column_padding_tablet=&#8221;inherit&#8221; column_padding_phone=&#8221;inherit&#8221; column_padding_position=&#8221;all&#8221; flex_gap_desktop=&#8221;10px&#8221; column_element_direction_desktop=&#8221;default&#8221; column_element_spacing=&#8221;default&#8221; desktop_text_alignment=&#8221;default&#8221; tablet_text_alignment=&#8221;default&#8221; phone_text_alignment=&#8221;default&#8221; background_color_opacity=&#8221;1&#8243; background_hover_color_opacity=&#8221;1&#8243; column_backdrop_filter=&#8221;none&#8221; column_shadow=&#8221;none&#8221; column_border_radius=&#8221;none&#8221; column_link_target=&#8221;_self&#8221; overflow=&#8221;visible&#8221; gradient_direction=&#8221;left_to_right&#8221; overlay_strength=&#8221;0.3&#8243; width=&#8221;1\/5&#8243; tablet_width_inherit=&#8221;default&#8221; animation_type=&#8221;default&#8221; bg_image_animation=&#8221;none&#8221; border_type=&#8221;simple&#8221; column_border_width=&#8221;none&#8221; column_border_style=&#8221;solid&#8221;][\/vc_column_inner][vc_column_inner column_padding=&#8221;no-extra-padding&#8221; column_padding_tablet=&#8221;inherit&#8221; column_padding_phone=&#8221;inherit&#8221; column_padding_position=&#8221;all&#8221; flex_gap_desktop=&#8221;10px&#8221; column_element_direction_desktop=&#8221;default&#8221; column_element_spacing=&#8221;default&#8221; desktop_text_alignment=&#8221;default&#8221; tablet_text_alignment=&#8221;default&#8221; phone_text_alignment=&#8221;default&#8221; background_color_opacity=&#8221;1&#8243; background_hover_color_opacity=&#8221;1&#8243; column_backdrop_filter=&#8221;none&#8221; column_shadow=&#8221;none&#8221; column_border_radius=&#8221;none&#8221; column_link_target=&#8221;_self&#8221; overflow=&#8221;visible&#8221; gradient_direction=&#8221;left_to_right&#8221; overlay_strength=&#8221;0.3&#8243; width=&#8221;1\/5&#8243; tablet_width_inherit=&#8221;default&#8221; animation_type=&#8221;default&#8221; bg_image_animation=&#8221;none&#8221; border_type=&#8221;simple&#8221; column_border_width=&#8221;none&#8221; column_border_style=&#8221;solid&#8221;][\/vc_column_inner][vc_column_inner column_padding=&#8221;no-extra-padding&#8221; column_padding_tablet=&#8221;inherit&#8221; column_padding_phone=&#8221;inherit&#8221; column_padding_position=&#8221;all&#8221; flex_gap_desktop=&#8221;10px&#8221; column_element_direction_desktop=&#8221;default&#8221; column_element_spacing=&#8221;default&#8221; desktop_text_alignment=&#8221;default&#8221; tablet_text_alignment=&#8221;default&#8221; phone_text_alignment=&#8221;default&#8221; background_color_opacity=&#8221;1&#8243; background_hover_color_opacity=&#8221;1&#8243; column_backdrop_filter=&#8221;none&#8221; column_shadow=&#8221;none&#8221; column_border_radius=&#8221;none&#8221; column_link_target=&#8221;_self&#8221; overflow=&#8221;visible&#8221; gradient_direction=&#8221;left_to_right&#8221; overlay_strength=&#8221;0.3&#8243; width=&#8221;1\/5&#8243; tablet_width_inherit=&#8221;default&#8221; animation_type=&#8221;default&#8221; bg_image_animation=&#8221;none&#8221; border_type=&#8221;simple&#8221; column_border_width=&#8221;none&#8221; column_border_style=&#8221;solid&#8221;][vc_raw_html css=&#8221;&#8221;]JTNDdGFibGUlMjBzdHlsZSUzRCUyMnRleHQtYWxpZ24lM0ElMjBjZW50ZXIlM0IlMjBib3JkZXItc3R5bGUlM0ElMjBub25lJTNCJTIwYmFja2dyb3VuZC1jb2xvciUzQSUyMCUyM2ZmZmZmZiUzQiUyMiUzRSUwRCUwQSUzQ3Rib2R5JTNFJTBEJTBBJTNDdHIlM0UlMEQlMEElM0N0ZCUyMHN0eWxlJTNEJTIydGV4dC1hbGlnbiUzQSUyMGNlbnRlciUzQiUyMGJvcmRlci1zdHlsZSUzQSUyMG5vbmUlM0IlMjBiYWNrZ3JvdW5kLWNvbG9yJTNBJTIwJTIzZmZmZmZmJTNCJTIyJTNFJTI2bmJzcCUzQiUwRCUwQSUzQ2ElMjBocmVmJTNEJTIyaHR0cHMlM0ElMkYlMkZ3d3cuaW5zdGFncmFtLmNvbSUyRml6YW5pdHVyYW4lMkYlMjIlM0UlM0NpbWclMjBjbGFzcyUzRCUyMmFsaWdubm9uZSUyMiUyMHNyYyUzRCUyMmh0dHBzJTNBJTJGJTJGdGR2Lm9yZyUyRnRyLVRSJTJGd3AtY29udGVudCUyRnVwbG9hZHMlMkYyMDIzJTJGMTIlMkZpY29uX2luc3RhZ3JhbS5wbmclMjIlMjBhbHQlM0QlMjIlMjIlMjB3aWR0aCUzRCUyMjYwJTIyJTIwaGVpZ2h0JTNEJTIyNjAlMjIlMjAlMkYlM0UlM0MlMkZhJTNFJTNDJTJGdGQlM0UlMEQlMEElMEQlMEElM0N0ZCUyMHN0eWxlJTNEJTIydGV4dC1hbGlnbiUzQSUyMGNlbnRlciUzQiUyMGJvcmRlci1zdHlsZSUzQSUyMG5vbmUlM0IlMjBiYWNrZ3JvdW5kLWNvbG9yJTNBJTIwJTIzZmZmZmZmJTNCJTIyJTNFJTI2bmJzcCUzQiUwRCUwQSUzQ2ElMjBocmVmJTNEJTIyaHR0cHMlM0ElMkYlMkZ4LmNvbSUyRml6YW5pX3R1cmFuJTIyJTNFJTNDaW1nJTIwY2xhc3MlM0QlMjJhbGlnbm5vbmUlMjIlMjBzcmMlM0QlMjJodHRwcyUzQSUyRiUyRnRkdi5vcmclMkZ0ci1UUiUyRndwLWNvbnRlbnQlMkZ1cGxvYWRzJTJGMjAyMyUyRjEyJTJGaWNvbl94LnBuZyUyMiUyMGFsdCUzRCUyMiUyMiUyMHdpZHRoJTNEJTIyNjAlMjIlMjBoZWlnaHQlM0QlMjI2MCUyMiUyMCUyRiUzRSUzQyUyRmElM0UlM0MlMkZ0ZCUzRSUwRCUwQSUwRCUwQSUwRCUwQSUzQyUyRnRyJTNFJTBEJTBBJTNDJTJGdGJvZHklM0UlMEQlMEElM0MlMkZ0YWJsZSUzRQ==[\/vc_raw_html][\/vc_column_inner][vc_column_inner column_padding=&#8221;no-extra-padding&#8221; column_padding_tablet=&#8221;inherit&#8221; column_padding_phone=&#8221;inherit&#8221; column_padding_position=&#8221;all&#8221; flex_gap_desktop=&#8221;10px&#8221; column_element_direction_desktop=&#8221;default&#8221; column_element_spacing=&#8221;default&#8221; desktop_text_alignment=&#8221;default&#8221; tablet_text_alignment=&#8221;default&#8221; phone_text_alignment=&#8221;default&#8221; background_color_opacity=&#8221;1&#8243; background_hover_color_opacity=&#8221;1&#8243; column_backdrop_filter=&#8221;none&#8221; column_shadow=&#8221;none&#8221; column_border_radius=&#8221;none&#8221; column_link_target=&#8221;_self&#8221; overflow=&#8221;visible&#8221; gradient_direction=&#8221;left_to_right&#8221; overlay_strength=&#8221;0.3&#8243; width=&#8221;1\/5&#8243; tablet_width_inherit=&#8221;default&#8221; animation_type=&#8221;default&#8221; bg_image_animation=&#8221;none&#8221; border_type=&#8221;simple&#8221; column_border_width=&#8221;none&#8221; column_border_style=&#8221;solid&#8221;][\/vc_column_inner][vc_column_inner column_padding=&#8221;no-extra-padding&#8221; column_padding_tablet=&#8221;inherit&#8221; column_padding_phone=&#8221;inherit&#8221; column_padding_position=&#8221;all&#8221; flex_gap_desktop=&#8221;10px&#8221; column_element_direction_desktop=&#8221;default&#8221; column_element_spacing=&#8221;default&#8221; desktop_text_alignment=&#8221;default&#8221; tablet_text_alignment=&#8221;default&#8221; phone_text_alignment=&#8221;default&#8221; background_color_opacity=&#8221;1&#8243; background_hover_color_opacity=&#8221;1&#8243; column_backdrop_filter=&#8221;none&#8221; column_shadow=&#8221;none&#8221; column_border_radius=&#8221;none&#8221; column_link_target=&#8221;_self&#8221; overflow=&#8221;visible&#8221; gradient_direction=&#8221;left_to_right&#8221; overlay_strength=&#8221;0.3&#8243; width=&#8221;1\/5&#8243; tablet_width_inherit=&#8221;default&#8221; animation_type=&#8221;default&#8221; bg_image_animation=&#8221;none&#8221; border_type=&#8221;simple&#8221; column_border_width=&#8221;none&#8221; column_border_style=&#8221;solid&#8221;][\/vc_column_inner][\/vc_row_inner][vc_column_text css=&#8221;&#8221; text_direction=&#8221;default&#8221;]\n            <div \n                class=\"elfsight-widget-social-icons elfsight-widget\" \n                data-elfsight-social-icons-options=\"%7B%22items%22%3A%5B%7B%22type%22%3A%22custom%22%2C%22url%22%3A%22https%3A%5C%2F%5C%2Fsosyal.teknofest.app%5C%2F%40diyanetvakfi%22%2C%22iconUrl%22%3A%22https%3A%5C%2F%5C%2Ftdv.org%5C%2Ftr-TR%5C%2Fwp-content%5C%2Fuploads%5C%2F2025%5C%2F10%5C%2Ficon_next-1.png%22%7D%2C%7B%22type%22%3A%22custom%22%2C%22url%22%3A%22https%3A%5C%2F%5C%2Fwww.facebook.com%5C%2FDiyanetvakfi%5C%2F%22%2C%22iconUrl%22%3A%22https%3A%5C%2F%5C%2Ftdv.org%5C%2Ftr-TR%5C%2Fwp-content%5C%2Fuploads%5C%2F2025%5C%2F10%5C%2Ficon_face.png%22%7D%2C%7B%22type%22%3A%22custom%22%2C%22url%22%3A%22https%3A%5C%2F%5C%2Ftwitter.com%5C%2FDiyanetVakfi%22%2C%22iconUrl%22%3A%22https%3A%5C%2F%5C%2Ftdv.org%5C%2Ftr-TR%5C%2Fwp-content%5C%2Fuploads%5C%2F2025%5C%2F10%5C%2Ficon_x-1.png%22%7D%2C%7B%22type%22%3A%22custom%22%2C%22url%22%3A%22https%3A%5C%2F%5C%2Fwww.instagram.com%5C%2Fturkiyediyanetvakfi%5C%2F%22%2C%22iconUrl%22%3A%22https%3A%5C%2F%5C%2Ftdv.org%5C%2Ftr-TR%5C%2Fwp-content%5C%2Fuploads%5C%2F2025%5C%2F10%5C%2Ficon_inst.png%22%7D%2C%7B%22url%22%3A%22https%3A%5C%2F%5C%2Fwww.youtube.com%5C%2Fuser%5C%2FTurkiyeDiyanetVakfi%22%2C%22type%22%3A%22custom%22%2C%22iconUrl%22%3A%22https%3A%5C%2F%5C%2Ftdv.org%5C%2Ftr-TR%5C%2Fwp-content%5C%2Fuploads%5C%2F2025%5C%2F10%5C%2Ficon_youtube-1.png%22%7D%2C%7B%22url%22%3A%22https%3A%5C%2F%5C%2Ftdv.org%5C%2Ftr-TR%5C%2Fwhatsapp-kanali%22%2C%22type%22%3A%22custom%22%2C%22iconUrl%22%3A%22https%3A%5C%2F%5C%2Ftdv.org%5C%2Ftr-TR%5C%2Fwp-content%5C%2Fuploads%5C%2F2025%5C%2F10%5C%2Ficon_whatsapp.png%22%7D%2C%7B%22url%22%3A%22https%3A%5C%2F%5C%2Fnews.google.com%5C%2Fpublications%5C%2FCAAqBwgKMOS0xQswh9DcAw%3Fceid%3DTR%3Atr%26oc%3D3%22%2C%22type%22%3A%22custom%22%2C%22iconUrl%22%3A%22https%3A%5C%2F%5C%2Ftdv.org%5C%2Ftr-TR%5C%2Fwp-content%5C%2Fuploads%5C%2F2025%5C%2F10%5C%2Ficon_googlenews.png%22%7D%2C%7B%22url%22%3A%22tel%3A4446264%22%2C%22type%22%3A%22custom%22%2C%22iconUrl%22%3A%22https%3A%5C%2F%5C%2Ftdv.org%5C%2Ftr-TR%5C%2Fwp-content%5C%2Fuploads%5C%2F2025%5C%2F10%5C%2Ficon_tel-1.png%22%7D%5D%2C%22size%22%3A%2232%22%2C%22location%22%3A%22floating%22%2C%22position%22%3A%22left%22%2C%22style%22%3A%22default%22%2C%22iconColor%22%3A%22black%22%2C%22bgColor%22%3A%22white%22%2C%22iconColorOnHover%22%3A%22white%22%2C%22bgColorOnHover%22%3A%22black%22%2C%22borderRadius%22%3A%22square%22%2C%22animation%22%3A%22bounce%22%2C%22transparency%22%3A100%2C%22transparencyOnHover%22%3A100%2C%22widgetId%22%3A%224%22%7D\" \n                data-elfsight-social-icons-version=\"1.7.1\"\n                data-elfsight-widget-id=\"elfsight-social-icons-4\">\n            <\/div>\n            [\/vc_column_text][\/vc_column][\/vc_row]\n","protected":false},"excerpt":{"rendered":"<p>[vc_row type=&#8221;full_width_background&#8221; full_screen_row_position=&#8221;middle&#8221; column_margin=&#8221;default&#8221; equal_height=&#8221;yes&#8221; content_placement=&#8221;middle&#8221; column_direction=&#8221;default&#8221; column_direction_tablet=&#8221;default&#8221; column_direction_phone=&#8221;default&#8221; bg_color=&#8221;#ffffff&#8221; full_height=&#8221;yes&#8221; columns_placement=&#8221;stretch&#8221; scene_position=&#8221;center&#8221; top_padding=&#8221;50&#8243; bottom_padding=&#8221;50&#8243; text_color=&#8221;dark&#8221; text_align=&#8221;left&#8221; row_border_radius=&#8221;none&#8221; row_border_radius_applies=&#8221;bg&#8221; row_position_desktop=&#8221;default&#8221; row_position_tablet=&#8221;inherit&#8221; row_position_phone=&#8221;inherit&#8221; overflow=&#8221;visible&#8221; id=&#8221;kurumsalkimlik&#8221; overlay_strength=&#8221;0.3&#8243; gradient_direction=&#8221;left_to_right&#8221; shape_divider_position=&#8221;bottom&#8221; bg_image_animation=&#8221;none&#8221; shape_type=&#8221;&#8221;][vc_column column_padding=&#8221;padding-3-percent&#8221;&#8230;<\/p>\n","protected":false},"author":8,"featured_media":0,"parent":133,"menu_order":0,"comment_status":"closed","ping_status":"closed","template":"","meta":{"footnotes":""},"class_list":["post-15780","page","type-page","status-publish"],"yoast_head":"<!-- This site is optimized with the Yoast SEO plugin v27.5 - https:\/\/yoast.com\/product\/yoast-seo-wordpress\/ -->\n<title>\u0130zani TURAN - T\u00fcrkiye Diyanet Vakf\u0131 Resmi Web Sitesi<\/title>\n<meta name=\"description\" content=\"T\u00fcrkiye Diyanet Vakf\u0131 Genel M\u00fcd\u00fcr\u00fc \u0130zani Turan\u2019\u0131n \u00f6zge\u00e7mi\u015fi.\" \/>\n<meta name=\"robots\" content=\"index, follow, max-snippet:-1, max-image-preview:large, max-video-preview:-1\" \/>\n<link rel=\"canonical\" href=\"https:\/\/tdv.org\/tr-TR\/kurumsal\/izani-turan\/\" \/>\n<meta property=\"og:locale\" content=\"tr_TR\" \/>\n<meta property=\"og:type\" content=\"article\" \/>\n<meta property=\"og:title\" content=\"\u0130zani TURAN - T\u00fcrkiye Diyanet Vakf\u0131 Resmi Web Sitesi\" \/>\n<meta property=\"og:description\" content=\"T\u00fcrkiye Diyanet Vakf\u0131 Genel M\u00fcd\u00fcr\u00fc \u0130zani Turan\u2019\u0131n \u00f6zge\u00e7mi\u015fi.\" \/>\n<meta property=\"og:url\" content=\"https:\/\/tdv.org\/tr-TR\/kurumsal\/izani-turan\/\" \/>\n<meta property=\"og:site_name\" content=\"T\u00fcrkiye Diyanet Vakf\u0131 Resmi Web Sitesi\" \/>\n<meta property=\"article:publisher\" content=\"https:\/\/www.facebook.com\/Diyanetvakfi\/\" \/>\n<meta property=\"article:modified_time\" content=\"2026-04-07T07:16:50+00:00\" \/>\n<meta name=\"twitter:card\" content=\"summary_large_image\" \/>\n<meta name=\"twitter:site\" content=\"@DiyanetVakfi\" \/>\n<script type=\"application\/ld+json\" class=\"yoast-schema-graph\">{\"@context\":\"https:\\\/\\\/schema.org\",\"@graph\":[{\"@type\":\"WebPage\",\"@id\":\"https:\\\/\\\/tdv.org\\\/tr-TR\\\/kurumsal\\\/izani-turan\\\/\",\"url\":\"https:\\\/\\\/tdv.org\\\/tr-TR\\\/kurumsal\\\/izani-turan\\\/\",\"name\":\"\u0130zani TURAN - T\u00fcrkiye Diyanet Vakf\u0131 Resmi Web Sitesi\",\"isPartOf\":{\"@id\":\"https:\\\/\\\/tdv.org\\\/tr-TR\\\/#website\"},\"datePublished\":\"2022-01-10T09:26:55+00:00\",\"dateModified\":\"2026-04-07T07:16:50+00:00\",\"description\":\"T\u00fcrkiye Diyanet Vakf\u0131 Genel M\u00fcd\u00fcr\u00fc \u0130zani Turan\u2019\u0131n \u00f6zge\u00e7mi\u015fi.\",\"breadcrumb\":{\"@id\":\"https:\\\/\\\/tdv.org\\\/tr-TR\\\/kurumsal\\\/izani-turan\\\/#breadcrumb\"},\"inLanguage\":\"tr\",\"potentialAction\":[{\"@type\":\"ReadAction\",\"target\":[\"https:\\\/\\\/tdv.org\\\/tr-TR\\\/kurumsal\\\/izani-turan\\\/\"]}]},{\"@type\":\"BreadcrumbList\",\"@id\":\"https:\\\/\\\/tdv.org\\\/tr-TR\\\/kurumsal\\\/izani-turan\\\/#breadcrumb\",\"itemListElement\":[{\"@type\":\"ListItem\",\"position\":1,\"name\":\"Anasayfa\",\"item\":\"https:\\\/\\\/tdv.org\\\/tr-TR\\\/\"},{\"@type\":\"ListItem\",\"position\":2,\"name\":\"Kurumsal\",\"item\":\"https:\\\/\\\/tdv.org\\\/tr-TR\\\/kurumsal\\\/\"},{\"@type\":\"ListItem\",\"position\":3,\"name\":\"\u0130zani TURAN\"}]},{\"@type\":\"WebSite\",\"@id\":\"https:\\\/\\\/tdv.org\\\/tr-TR\\\/#website\",\"url\":\"https:\\\/\\\/tdv.org\\\/tr-TR\\\/\",\"name\":\"T\u00fcrkiye Diyanet Vakf\u0131 Resmi Web Sitesi\",\"description\":\"Yery\u00fcz\u00fcnde iyilik egemen oluncaya kadar\",\"publisher\":{\"@id\":\"https:\\\/\\\/tdv.org\\\/tr-TR\\\/#organization\"},\"alternateName\":\"T\u00fcrkiye Diyanet Vakf\u0131\",\"potentialAction\":[{\"@type\":\"SearchAction\",\"target\":{\"@type\":\"EntryPoint\",\"urlTemplate\":\"https:\\\/\\\/tdv.org\\\/tr-TR\\\/?s={search_term_string}\"},\"query-input\":{\"@type\":\"PropertyValueSpecification\",\"valueRequired\":true,\"valueName\":\"search_term_string\"}}],\"inLanguage\":\"tr\"},{\"@type\":\"Organization\",\"@id\":\"https:\\\/\\\/tdv.org\\\/tr-TR\\\/#organization\",\"name\":\"T\u00fcrkiye Diyanet Vakf\u0131\",\"alternateName\":\"T\u00fcrkiye Diyanet Vakf\u0131\",\"url\":\"https:\\\/\\\/tdv.org\\\/tr-TR\\\/\",\"logo\":{\"@type\":\"ImageObject\",\"inLanguage\":\"tr\",\"@id\":\"https:\\\/\\\/tdv.org\\\/tr-TR\\\/#\\\/schema\\\/logo\\\/image\\\/\",\"url\":\"https:\\\/\\\/tdv.org\\\/tr-TR\\\/wp-content\\\/uploads\\\/2018\\\/12\\\/TDV_Logo_1.png\",\"contentUrl\":\"https:\\\/\\\/tdv.org\\\/tr-TR\\\/wp-content\\\/uploads\\\/2018\\\/12\\\/TDV_Logo_1.png\",\"width\":207,\"height\":71,\"caption\":\"T\u00fcrkiye Diyanet Vakf\u0131\"},\"image\":{\"@id\":\"https:\\\/\\\/tdv.org\\\/tr-TR\\\/#\\\/schema\\\/logo\\\/image\\\/\"},\"sameAs\":[\"https:\\\/\\\/www.facebook.com\\\/Diyanetvakfi\\\/\",\"https:\\\/\\\/x.com\\\/DiyanetVakfi\",\"https:\\\/\\\/www.instagram.com\\\/turkiyediyanetvakfi\\\/\",\"https:\\\/\\\/www.youtube.com\\\/user\\\/TurkiyeDiyanetVakfi\"]}]}<\/script>\n<!-- \/ Yoast SEO plugin. -->","yoast_head_json":{"title":"\u0130zani TURAN - T\u00fcrkiye Diyanet Vakf\u0131 Resmi Web Sitesi","description":"T\u00fcrkiye Diyanet Vakf\u0131 Genel M\u00fcd\u00fcr\u00fc \u0130zani Turan\u2019\u0131n \u00f6zge\u00e7mi\u015fi.","robots":{"index":"index","follow":"follow","max-snippet":"max-snippet:-1","max-image-preview":"max-image-preview:large","max-video-preview":"max-video-preview:-1"},"canonical":"https:\/\/tdv.org\/tr-TR\/kurumsal\/izani-turan\/","og_locale":"tr_TR","og_type":"article","og_title":"\u0130zani TURAN - T\u00fcrkiye Diyanet Vakf\u0131 Resmi Web Sitesi","og_description":"T\u00fcrkiye Diyanet Vakf\u0131 Genel M\u00fcd\u00fcr\u00fc \u0130zani Turan\u2019\u0131n \u00f6zge\u00e7mi\u015fi.","og_url":"https:\/\/tdv.org\/tr-TR\/kurumsal\/izani-turan\/","og_site_name":"T\u00fcrkiye Diyanet Vakf\u0131 Resmi Web Sitesi","article_publisher":"https:\/\/www.facebook.com\/Diyanetvakfi\/","article_modified_time":"2026-04-07T07:16:50+00:00","twitter_card":"summary_large_image","twitter_site":"@DiyanetVakfi","schema":{"@context":"https:\/\/schema.org","@graph":[{"@type":"WebPage","@id":"https:\/\/tdv.org\/tr-TR\/kurumsal\/izani-turan\/","url":"https:\/\/tdv.org\/tr-TR\/kurumsal\/izani-turan\/","name":"\u0130zani TURAN - T\u00fcrkiye Diyanet Vakf\u0131 Resmi Web Sitesi","isPartOf":{"@id":"https:\/\/tdv.org\/tr-TR\/#website"},"datePublished":"2022-01-10T09:26:55+00:00","dateModified":"2026-04-07T07:16:50+00:00","description":"T\u00fcrkiye Diyanet Vakf\u0131 Genel M\u00fcd\u00fcr\u00fc \u0130zani Turan\u2019\u0131n \u00f6zge\u00e7mi\u015fi.","breadcrumb":{"@id":"https:\/\/tdv.org\/tr-TR\/kurumsal\/izani-turan\/#breadcrumb"},"inLanguage":"tr","potentialAction":[{"@type":"ReadAction","target":["https:\/\/tdv.org\/tr-TR\/kurumsal\/izani-turan\/"]}]},{"@type":"BreadcrumbList","@id":"https:\/\/tdv.org\/tr-TR\/kurumsal\/izani-turan\/#breadcrumb","itemListElement":[{"@type":"ListItem","position":1,"name":"Anasayfa","item":"https:\/\/tdv.org\/tr-TR\/"},{"@type":"ListItem","position":2,"name":"Kurumsal","item":"https:\/\/tdv.org\/tr-TR\/kurumsal\/"},{"@type":"ListItem","position":3,"name":"\u0130zani TURAN"}]},{"@type":"WebSite","@id":"https:\/\/tdv.org\/tr-TR\/#website","url":"https:\/\/tdv.org\/tr-TR\/","name":"T\u00fcrkiye Diyanet Vakf\u0131 Resmi Web Sitesi","description":"Yery\u00fcz\u00fcnde iyilik egemen oluncaya kadar","publisher":{"@id":"https:\/\/tdv.org\/tr-TR\/#organization"},"alternateName":"T\u00fcrkiye Diyanet Vakf\u0131","potentialAction":[{"@type":"SearchAction","target":{"@type":"EntryPoint","urlTemplate":"https:\/\/tdv.org\/tr-TR\/?s={search_term_string}"},"query-input":{"@type":"PropertyValueSpecification","valueRequired":true,"valueName":"search_term_string"}}],"inLanguage":"tr"},{"@type":"Organization","@id":"https:\/\/tdv.org\/tr-TR\/#organization","name":"T\u00fcrkiye Diyanet Vakf\u0131","alternateName":"T\u00fcrkiye Diyanet Vakf\u0131","url":"https:\/\/tdv.org\/tr-TR\/","logo":{"@type":"ImageObject","inLanguage":"tr","@id":"https:\/\/tdv.org\/tr-TR\/#\/schema\/logo\/image\/","url":"https:\/\/tdv.org\/tr-TR\/wp-content\/uploads\/2018\/12\/TDV_Logo_1.png","contentUrl":"https:\/\/tdv.org\/tr-TR\/wp-content\/uploads\/2018\/12\/TDV_Logo_1.png","width":207,"height":71,"caption":"T\u00fcrkiye Diyanet Vakf\u0131"},"image":{"@id":"https:\/\/tdv.org\/tr-TR\/#\/schema\/logo\/image\/"},"sameAs":["https:\/\/www.facebook.com\/Diyanetvakfi\/","https:\/\/x.com\/DiyanetVakfi","https:\/\/www.instagram.com\/turkiyediyanetvakfi\/","https:\/\/www.youtube.com\/user\/TurkiyeDiyanetVakfi"]}]}},"_links":{"self":[{"href":"https:\/\/tdv.org\/tr-TR\/wp-json\/wp\/v2\/pages\/15780","targetHints":{"allow":["GET"]}}],"collection":[{"href":"https:\/\/tdv.org\/tr-TR\/wp-json\/wp\/v2\/pages"}],"about":[{"href":"https:\/\/tdv.org\/tr-TR\/wp-json\/wp\/v2\/types\/page"}],"author":[{"embeddable":true,"href":"https:\/\/tdv.org\/tr-TR\/wp-json\/wp\/v2\/users\/8"}],"replies":[{"embeddable":true,"href":"https:\/\/tdv.org\/tr-TR\/wp-json\/wp\/v2\/comments?post=15780"}],"version-history":[{"count":12,"href":"https:\/\/tdv.org\/tr-TR\/wp-json\/wp\/v2\/pages\/15780\/revisions"}],"predecessor-version":[{"id":57007,"href":"https:\/\/tdv.org\/tr-TR\/wp-json\/wp\/v2\/pages\/15780\/revisions\/57007"}],"up":[{"embeddable":true,"href":"https:\/\/tdv.org\/tr-TR\/wp-json\/wp\/v2\/pages\/133"}],"wp:attachment":[{"href":"https:\/\/tdv.org\/tr-TR\/wp-json\/wp\/v2\/media?parent=15780"}],"curies":[{"name":"wp","href":"https:\/\/api.w.org\/{rel}","templated":true}]}}