{"id":17688,"date":"2022-02-18T11:43:58","date_gmt":"2022-02-18T08:43:58","guid":{"rendered":"https:\/\/tdv.org\/tr-TR\/?page_id=17688"},"modified":"2026-04-07T10:08:23","modified_gmt":"2026-04-07T07:08:23","slug":"ucuncu-uluslararasi-iyilik-odulleri","status":"publish","type":"page","link":"https:\/\/tdv.org\/tr-TR\/faaliyetlerimiz\/uluslararasi-iyilik-odulleri\/ucuncu-uluslararasi-iyilik-odulleri\/","title":{"rendered":"\u00dc\u00e7\u00fcnc\u00fc Uluslararas\u0131 \u0130yilik \u00d6d\u00fclleri"},"content":{"rendered":"[vc_row type=&#8221;in_container&#8221; full_screen_row_position=&#8221;middle&#8221; column_margin=&#8221;default&#8221; column_direction=&#8221;default&#8221; column_direction_tablet=&#8221;default&#8221; column_direction_phone=&#8221;default&#8221; scene_position=&#8221;center&#8221; text_color=&#8221;dark&#8221; text_align=&#8221;left&#8221; row_border_radius=&#8221;none&#8221; row_border_radius_applies=&#8221;bg&#8221; row_position_desktop=&#8221;default&#8221; row_position_tablet=&#8221;inherit&#8221; row_position_phone=&#8221;inherit&#8221; overflow=&#8221;visible&#8221; overlay_strength=&#8221;0.3&#8243; gradient_direction=&#8221;left_to_right&#8221; shape_divider_position=&#8221;bottom&#8221; bg_image_animation=&#8221;none&#8221;][vc_column column_padding=&#8221;no-extra-padding&#8221; column_padding_tablet=&#8221;inherit&#8221; column_padding_phone=&#8221;inherit&#8221; column_padding_position=&#8221;all&#8221; flex_gap_desktop=&#8221;10px&#8221; column_element_direction_desktop=&#8221;default&#8221; column_element_spacing=&#8221;default&#8221; desktop_text_alignment=&#8221;default&#8221; tablet_text_alignment=&#8221;default&#8221; phone_text_alignment=&#8221;default&#8221; background_color_opacity=&#8221;1&#8243; background_hover_color_opacity=&#8221;1&#8243; column_backdrop_filter=&#8221;none&#8221; column_shadow=&#8221;none&#8221; column_border_radius=&#8221;none&#8221; column_link_target=&#8221;_self&#8221; column_position=&#8221;default&#8221; gradient_direction=&#8221;left_to_right&#8221; overlay_strength=&#8221;0.3&#8243; width=&#8221;1\/1&#8243; tablet_width_inherit=&#8221;default&#8221; animation_type=&#8221;default&#8221; bg_image_animation=&#8221;none&#8221; border_type=&#8221;simple&#8221; column_border_width=&#8221;none&#8221; column_border_style=&#8221;solid&#8221;][split_line_heading line_reveal_by_space_text_effect=&#8221;default&#8221; font_style=&#8221;h1&#8243; content_alignment=&#8221;default&#8221; mobile_content_alignment=&#8221;inherit&#8221; animation_type=&#8221;line-reveal-by-space&#8221; link_target=&#8221;_self&#8221;]\n<h2>\u00dc\u00e7\u00fcnc\u00fc Uluslararas\u0131 \u0130yilik \u00d6d\u00fclleri<\/h2>\n[\/split_line_heading][nectar_blog layout=&#8221;std-blog-fullwidth&#8221; blog_standard_style=&#8221;featured_img_left&#8221; load_in_animation=&#8221;none&#8221; category=&#8221;ucuncu-uluslararasi-iyilik-odulleri&#8221; enable_pagination=&#8221;true&#8221; pagination_type=&#8221;infinite_scroll&#8221; order=&#8221;DESC&#8221; orderby=&#8221;date&#8221; blog_remove_post_date=&#8221;true&#8221; blog_remove_post_author=&#8221;true&#8221; blog_remove_post_comment_number=&#8221;true&#8221; blog_remove_post_nectar_love=&#8221;true&#8221; posts_per_page=&#8221;8&#8243;][vc_column_text css=&#8221;&#8221; text_direction=&#8221;default&#8221;]\n            <div \n                class=\"elfsight-widget-social-icons elfsight-widget\" \n                data-elfsight-social-icons-options=\"%7B%22items%22%3A%5B%7B%22type%22%3A%22custom%22%2C%22url%22%3A%22https%3A%5C%2F%5C%2Fsosyal.teknofest.app%5C%2F%40diyanetvakfi%22%2C%22iconUrl%22%3A%22https%3A%5C%2F%5C%2Ftdv.org%5C%2Ftr-TR%5C%2Fwp-content%5C%2Fuploads%5C%2F2025%5C%2F10%5C%2Ficon_next-1.png%22%7D%2C%7B%22type%22%3A%22custom%22%2C%22url%22%3A%22https%3A%5C%2F%5C%2Fwww.facebook.com%5C%2FDiyanetvakfi%5C%2F%22%2C%22iconUrl%22%3A%22https%3A%5C%2F%5C%2Ftdv.org%5C%2Ftr-TR%5C%2Fwp-content%5C%2Fuploads%5C%2F2025%5C%2F10%5C%2Ficon_face.png%22%7D%2C%7B%22type%22%3A%22custom%22%2C%22url%22%3A%22https%3A%5C%2F%5C%2Ftwitter.com%5C%2FDiyanetVakfi%22%2C%22iconUrl%22%3A%22https%3A%5C%2F%5C%2Ftdv.org%5C%2Ftr-TR%5C%2Fwp-content%5C%2Fuploads%5C%2F2025%5C%2F10%5C%2Ficon_x-1.png%22%7D%2C%7B%22type%22%3A%22custom%22%2C%22url%22%3A%22https%3A%5C%2F%5C%2Fwww.instagram.com%5C%2Fturkiyediyanetvakfi%5C%2F%22%2C%22iconUrl%22%3A%22https%3A%5C%2F%5C%2Ftdv.org%5C%2Ftr-TR%5C%2Fwp-content%5C%2Fuploads%5C%2F2025%5C%2F10%5C%2Ficon_inst.png%22%7D%2C%7B%22url%22%3A%22https%3A%5C%2F%5C%2Fwww.youtube.com%5C%2Fuser%5C%2FTurkiyeDiyanetVakfi%22%2C%22type%22%3A%22custom%22%2C%22iconUrl%22%3A%22https%3A%5C%2F%5C%2Ftdv.org%5C%2Ftr-TR%5C%2Fwp-content%5C%2Fuploads%5C%2F2025%5C%2F10%5C%2Ficon_youtube-1.png%22%7D%2C%7B%22url%22%3A%22https%3A%5C%2F%5C%2Ftdv.org%5C%2Ftr-TR%5C%2Fwhatsapp-kanali%22%2C%22type%22%3A%22custom%22%2C%22iconUrl%22%3A%22https%3A%5C%2F%5C%2Ftdv.org%5C%2Ftr-TR%5C%2Fwp-content%5C%2Fuploads%5C%2F2025%5C%2F10%5C%2Ficon_whatsapp.png%22%7D%2C%7B%22url%22%3A%22https%3A%5C%2F%5C%2Fnews.google.com%5C%2Fpublications%5C%2FCAAqBwgKMOS0xQswh9DcAw%3Fceid%3DTR%3Atr%26oc%3D3%22%2C%22type%22%3A%22custom%22%2C%22iconUrl%22%3A%22https%3A%5C%2F%5C%2Ftdv.org%5C%2Ftr-TR%5C%2Fwp-content%5C%2Fuploads%5C%2F2025%5C%2F10%5C%2Ficon_googlenews.png%22%7D%2C%7B%22url%22%3A%22tel%3A4446264%22%2C%22type%22%3A%22custom%22%2C%22iconUrl%22%3A%22https%3A%5C%2F%5C%2Ftdv.org%5C%2Ftr-TR%5C%2Fwp-content%5C%2Fuploads%5C%2F2025%5C%2F10%5C%2Ficon_tel-1.png%22%7D%5D%2C%22size%22%3A%2232%22%2C%22location%22%3A%22floating%22%2C%22position%22%3A%22left%22%2C%22style%22%3A%22default%22%2C%22iconColor%22%3A%22black%22%2C%22bgColor%22%3A%22white%22%2C%22iconColorOnHover%22%3A%22white%22%2C%22bgColorOnHover%22%3A%22black%22%2C%22borderRadius%22%3A%22square%22%2C%22animation%22%3A%22bounce%22%2C%22transparency%22%3A100%2C%22transparencyOnHover%22%3A100%2C%22widgetId%22%3A%224%22%7D\" \n                data-elfsight-social-icons-version=\"1.7.1\"\n                data-elfsight-widget-id=\"elfsight-social-icons-4\">\n            <\/div>\n            [\/vc_column_text][\/vc_column][\/vc_row]\n","protected":false},"excerpt":{"rendered":"<p>[vc_row type=&#8221;in_container&#8221; full_screen_row_position=&#8221;middle&#8221; column_margin=&#8221;default&#8221; column_direction=&#8221;default&#8221; column_direction_tablet=&#8221;default&#8221; column_direction_phone=&#8221;default&#8221; scene_position=&#8221;center&#8221; text_color=&#8221;dark&#8221; text_align=&#8221;left&#8221; row_border_radius=&#8221;none&#8221; row_border_radius_applies=&#8221;bg&#8221; row_position_desktop=&#8221;default&#8221; row_position_tablet=&#8221;inherit&#8221; row_position_phone=&#8221;inherit&#8221; overflow=&#8221;visible&#8221; overlay_strength=&#8221;0.3&#8243; gradient_direction=&#8221;left_to_right&#8221; shape_divider_position=&#8221;bottom&#8221; bg_image_animation=&#8221;none&#8221;][vc_column column_padding=&#8221;no-extra-padding&#8221; column_padding_tablet=&#8221;inherit&#8221; column_padding_phone=&#8221;inherit&#8221; column_padding_position=&#8221;all&#8221; flex_gap_desktop=&#8221;10px&#8221; column_element_direction_desktop=&#8221;default&#8221; column_element_spacing=&#8221;default&#8221; desktop_text_alignment=&#8221;default&#8221; tablet_text_alignment=&#8221;default&#8221; phone_text_alignment=&#8221;default&#8221;&#8230;<\/p>\n","protected":false},"author":8,"featured_media":0,"parent":1384,"menu_order":0,"comment_status":"closed","ping_status":"closed","template":"","meta":{"footnotes":""},"class_list":["post-17688","page","type-page","status-publish"],"yoast_head":"<!-- This site is optimized with the Yoast SEO plugin v27.4 - https:\/\/yoast.com\/product\/yoast-seo-wordpress\/ -->\n<title>\u00dc\u00e7\u00fcnc\u00fc Uluslararas\u0131 \u0130yilik \u00d6d\u00fclleri - T\u00fcrkiye Diyanet Vakf\u0131 Resmi Web Sitesi<\/title>\n<meta name=\"description\" content=\"T\u00fcrkiye Diyanet Vakf\u0131 taraf\u0131ndan d\u00fczenlenen 3. Uluslararas\u0131 \u0130yilik \u00d6d\u00fcllerini alan iyilik \u00f6nc\u00fcleri\" \/>\n<meta name=\"robots\" content=\"index, follow, max-snippet:-1, max-image-preview:large, max-video-preview:-1\" \/>\n<link rel=\"canonical\" href=\"https:\/\/tdv.org\/tr-TR\/faaliyetlerimiz\/uluslararasi-iyilik-odulleri\/ucuncu-uluslararasi-iyilik-odulleri\/\" \/>\n<meta property=\"og:locale\" content=\"tr_TR\" \/>\n<meta property=\"og:type\" content=\"article\" \/>\n<meta property=\"og:title\" content=\"\u00dc\u00e7\u00fcnc\u00fc Uluslararas\u0131 \u0130yilik \u00d6d\u00fclleri - T\u00fcrkiye Diyanet Vakf\u0131 Resmi Web Sitesi\" \/>\n<meta property=\"og:description\" content=\"T\u00fcrkiye Diyanet Vakf\u0131 taraf\u0131ndan d\u00fczenlenen 3. Uluslararas\u0131 \u0130yilik \u00d6d\u00fcllerini alan iyilik \u00f6nc\u00fcleri\" \/>\n<meta property=\"og:url\" content=\"https:\/\/tdv.org\/tr-TR\/faaliyetlerimiz\/uluslararasi-iyilik-odulleri\/ucuncu-uluslararasi-iyilik-odulleri\/\" \/>\n<meta property=\"og:site_name\" content=\"T\u00fcrkiye Diyanet Vakf\u0131 Resmi Web Sitesi\" \/>\n<meta property=\"article:publisher\" content=\"https:\/\/www.facebook.com\/Diyanetvakfi\/\" \/>\n<meta property=\"article:modified_time\" content=\"2026-04-07T07:08:23+00:00\" \/>\n<meta name=\"twitter:card\" content=\"summary_large_image\" \/>\n<meta name=\"twitter:site\" content=\"@DiyanetVakfi\" \/>\n<script type=\"application\/ld+json\" class=\"yoast-schema-graph\">{\"@context\":\"https:\\\/\\\/schema.org\",\"@graph\":[{\"@type\":\"WebPage\",\"@id\":\"https:\\\/\\\/tdv.org\\\/tr-TR\\\/faaliyetlerimiz\\\/uluslararasi-iyilik-odulleri\\\/ucuncu-uluslararasi-iyilik-odulleri\\\/\",\"url\":\"https:\\\/\\\/tdv.org\\\/tr-TR\\\/faaliyetlerimiz\\\/uluslararasi-iyilik-odulleri\\\/ucuncu-uluslararasi-iyilik-odulleri\\\/\",\"name\":\"\u00dc\u00e7\u00fcnc\u00fc Uluslararas\u0131 \u0130yilik \u00d6d\u00fclleri - T\u00fcrkiye Diyanet Vakf\u0131 Resmi Web Sitesi\",\"isPartOf\":{\"@id\":\"https:\\\/\\\/tdv.org\\\/tr-TR\\\/#website\"},\"datePublished\":\"2022-02-18T08:43:58+00:00\",\"dateModified\":\"2026-04-07T07:08:23+00:00\",\"description\":\"T\u00fcrkiye Diyanet Vakf\u0131 taraf\u0131ndan d\u00fczenlenen 3. Uluslararas\u0131 \u0130yilik \u00d6d\u00fcllerini alan iyilik \u00f6nc\u00fcleri\",\"breadcrumb\":{\"@id\":\"https:\\\/\\\/tdv.org\\\/tr-TR\\\/faaliyetlerimiz\\\/uluslararasi-iyilik-odulleri\\\/ucuncu-uluslararasi-iyilik-odulleri\\\/#breadcrumb\"},\"inLanguage\":\"tr\",\"potentialAction\":[{\"@type\":\"ReadAction\",\"target\":[\"https:\\\/\\\/tdv.org\\\/tr-TR\\\/faaliyetlerimiz\\\/uluslararasi-iyilik-odulleri\\\/ucuncu-uluslararasi-iyilik-odulleri\\\/\"]}]},{\"@type\":\"BreadcrumbList\",\"@id\":\"https:\\\/\\\/tdv.org\\\/tr-TR\\\/faaliyetlerimiz\\\/uluslararasi-iyilik-odulleri\\\/ucuncu-uluslararasi-iyilik-odulleri\\\/#breadcrumb\",\"itemListElement\":[{\"@type\":\"ListItem\",\"position\":1,\"name\":\"Anasayfa\",\"item\":\"https:\\\/\\\/tdv.org\\\/tr-TR\\\/\"},{\"@type\":\"ListItem\",\"position\":2,\"name\":\"Faaliyetlerimiz\",\"item\":\"https:\\\/\\\/tdv.org\\\/tr-TR\\\/faaliyetlerimiz\\\/\"},{\"@type\":\"ListItem\",\"position\":3,\"name\":\"Uluslararas\u0131 \u0130yilik \u00d6d\u00fclleri\",\"item\":\"https:\\\/\\\/tdv.org\\\/tr-TR\\\/faaliyetlerimiz\\\/uluslararasi-iyilik-odulleri\\\/\"},{\"@type\":\"ListItem\",\"position\":4,\"name\":\"\u00dc\u00e7\u00fcnc\u00fc Uluslararas\u0131 \u0130yilik \u00d6d\u00fclleri\"}]},{\"@type\":\"WebSite\",\"@id\":\"https:\\\/\\\/tdv.org\\\/tr-TR\\\/#website\",\"url\":\"https:\\\/\\\/tdv.org\\\/tr-TR\\\/\",\"name\":\"T\u00fcrkiye Diyanet Vakf\u0131 Resmi Web Sitesi\",\"description\":\"Yery\u00fcz\u00fcnde iyilik egemen oluncaya kadar\",\"publisher\":{\"@id\":\"https:\\\/\\\/tdv.org\\\/tr-TR\\\/#organization\"},\"alternateName\":\"T\u00fcrkiye Diyanet Vakf\u0131\",\"potentialAction\":[{\"@type\":\"SearchAction\",\"target\":{\"@type\":\"EntryPoint\",\"urlTemplate\":\"https:\\\/\\\/tdv.org\\\/tr-TR\\\/?s={search_term_string}\"},\"query-input\":{\"@type\":\"PropertyValueSpecification\",\"valueRequired\":true,\"valueName\":\"search_term_string\"}}],\"inLanguage\":\"tr\"},{\"@type\":\"Organization\",\"@id\":\"https:\\\/\\\/tdv.org\\\/tr-TR\\\/#organization\",\"name\":\"T\u00fcrkiye Diyanet Vakf\u0131\",\"alternateName\":\"T\u00fcrkiye Diyanet Vakf\u0131\",\"url\":\"https:\\\/\\\/tdv.org\\\/tr-TR\\\/\",\"logo\":{\"@type\":\"ImageObject\",\"inLanguage\":\"tr\",\"@id\":\"https:\\\/\\\/tdv.org\\\/tr-TR\\\/#\\\/schema\\\/logo\\\/image\\\/\",\"url\":\"https:\\\/\\\/tdv.org\\\/tr-TR\\\/wp-content\\\/uploads\\\/2018\\\/12\\\/TDV_Logo_1.png\",\"contentUrl\":\"https:\\\/\\\/tdv.org\\\/tr-TR\\\/wp-content\\\/uploads\\\/2018\\\/12\\\/TDV_Logo_1.png\",\"width\":207,\"height\":71,\"caption\":\"T\u00fcrkiye Diyanet Vakf\u0131\"},\"image\":{\"@id\":\"https:\\\/\\\/tdv.org\\\/tr-TR\\\/#\\\/schema\\\/logo\\\/image\\\/\"},\"sameAs\":[\"https:\\\/\\\/www.facebook.com\\\/Diyanetvakfi\\\/\",\"https:\\\/\\\/x.com\\\/DiyanetVakfi\",\"https:\\\/\\\/www.instagram.com\\\/turkiyediyanetvakfi\\\/\",\"https:\\\/\\\/www.youtube.com\\\/user\\\/TurkiyeDiyanetVakfi\"]}]}<\/script>\n<!-- \/ Yoast SEO plugin. -->","yoast_head_json":{"title":"\u00dc\u00e7\u00fcnc\u00fc Uluslararas\u0131 \u0130yilik \u00d6d\u00fclleri - T\u00fcrkiye Diyanet Vakf\u0131 Resmi Web Sitesi","description":"T\u00fcrkiye Diyanet Vakf\u0131 taraf\u0131ndan d\u00fczenlenen 3. Uluslararas\u0131 \u0130yilik \u00d6d\u00fcllerini alan iyilik \u00f6nc\u00fcleri","robots":{"index":"index","follow":"follow","max-snippet":"max-snippet:-1","max-image-preview":"max-image-preview:large","max-video-preview":"max-video-preview:-1"},"canonical":"https:\/\/tdv.org\/tr-TR\/faaliyetlerimiz\/uluslararasi-iyilik-odulleri\/ucuncu-uluslararasi-iyilik-odulleri\/","og_locale":"tr_TR","og_type":"article","og_title":"\u00dc\u00e7\u00fcnc\u00fc Uluslararas\u0131 \u0130yilik \u00d6d\u00fclleri - T\u00fcrkiye Diyanet Vakf\u0131 Resmi Web Sitesi","og_description":"T\u00fcrkiye Diyanet Vakf\u0131 taraf\u0131ndan d\u00fczenlenen 3. Uluslararas\u0131 \u0130yilik \u00d6d\u00fcllerini alan iyilik \u00f6nc\u00fcleri","og_url":"https:\/\/tdv.org\/tr-TR\/faaliyetlerimiz\/uluslararasi-iyilik-odulleri\/ucuncu-uluslararasi-iyilik-odulleri\/","og_site_name":"T\u00fcrkiye Diyanet Vakf\u0131 Resmi Web Sitesi","article_publisher":"https:\/\/www.facebook.com\/Diyanetvakfi\/","article_modified_time":"2026-04-07T07:08:23+00:00","twitter_card":"summary_large_image","twitter_site":"@DiyanetVakfi","schema":{"@context":"https:\/\/schema.org","@graph":[{"@type":"WebPage","@id":"https:\/\/tdv.org\/tr-TR\/faaliyetlerimiz\/uluslararasi-iyilik-odulleri\/ucuncu-uluslararasi-iyilik-odulleri\/","url":"https:\/\/tdv.org\/tr-TR\/faaliyetlerimiz\/uluslararasi-iyilik-odulleri\/ucuncu-uluslararasi-iyilik-odulleri\/","name":"\u00dc\u00e7\u00fcnc\u00fc Uluslararas\u0131 \u0130yilik \u00d6d\u00fclleri - T\u00fcrkiye Diyanet Vakf\u0131 Resmi Web Sitesi","isPartOf":{"@id":"https:\/\/tdv.org\/tr-TR\/#website"},"datePublished":"2022-02-18T08:43:58+00:00","dateModified":"2026-04-07T07:08:23+00:00","description":"T\u00fcrkiye Diyanet Vakf\u0131 taraf\u0131ndan d\u00fczenlenen 3. Uluslararas\u0131 \u0130yilik \u00d6d\u00fcllerini alan iyilik \u00f6nc\u00fcleri","breadcrumb":{"@id":"https:\/\/tdv.org\/tr-TR\/faaliyetlerimiz\/uluslararasi-iyilik-odulleri\/ucuncu-uluslararasi-iyilik-odulleri\/#breadcrumb"},"inLanguage":"tr","potentialAction":[{"@type":"ReadAction","target":["https:\/\/tdv.org\/tr-TR\/faaliyetlerimiz\/uluslararasi-iyilik-odulleri\/ucuncu-uluslararasi-iyilik-odulleri\/"]}]},{"@type":"BreadcrumbList","@id":"https:\/\/tdv.org\/tr-TR\/faaliyetlerimiz\/uluslararasi-iyilik-odulleri\/ucuncu-uluslararasi-iyilik-odulleri\/#breadcrumb","itemListElement":[{"@type":"ListItem","position":1,"name":"Anasayfa","item":"https:\/\/tdv.org\/tr-TR\/"},{"@type":"ListItem","position":2,"name":"Faaliyetlerimiz","item":"https:\/\/tdv.org\/tr-TR\/faaliyetlerimiz\/"},{"@type":"ListItem","position":3,"name":"Uluslararas\u0131 \u0130yilik \u00d6d\u00fclleri","item":"https:\/\/tdv.org\/tr-TR\/faaliyetlerimiz\/uluslararasi-iyilik-odulleri\/"},{"@type":"ListItem","position":4,"name":"\u00dc\u00e7\u00fcnc\u00fc Uluslararas\u0131 \u0130yilik \u00d6d\u00fclleri"}]},{"@type":"WebSite","@id":"https:\/\/tdv.org\/tr-TR\/#website","url":"https:\/\/tdv.org\/tr-TR\/","name":"T\u00fcrkiye Diyanet Vakf\u0131 Resmi Web Sitesi","description":"Yery\u00fcz\u00fcnde iyilik egemen oluncaya kadar","publisher":{"@id":"https:\/\/tdv.org\/tr-TR\/#organization"},"alternateName":"T\u00fcrkiye Diyanet Vakf\u0131","potentialAction":[{"@type":"SearchAction","target":{"@type":"EntryPoint","urlTemplate":"https:\/\/tdv.org\/tr-TR\/?s={search_term_string}"},"query-input":{"@type":"PropertyValueSpecification","valueRequired":true,"valueName":"search_term_string"}}],"inLanguage":"tr"},{"@type":"Organization","@id":"https:\/\/tdv.org\/tr-TR\/#organization","name":"T\u00fcrkiye Diyanet Vakf\u0131","alternateName":"T\u00fcrkiye Diyanet Vakf\u0131","url":"https:\/\/tdv.org\/tr-TR\/","logo":{"@type":"ImageObject","inLanguage":"tr","@id":"https:\/\/tdv.org\/tr-TR\/#\/schema\/logo\/image\/","url":"https:\/\/tdv.org\/tr-TR\/wp-content\/uploads\/2018\/12\/TDV_Logo_1.png","contentUrl":"https:\/\/tdv.org\/tr-TR\/wp-content\/uploads\/2018\/12\/TDV_Logo_1.png","width":207,"height":71,"caption":"T\u00fcrkiye Diyanet Vakf\u0131"},"image":{"@id":"https:\/\/tdv.org\/tr-TR\/#\/schema\/logo\/image\/"},"sameAs":["https:\/\/www.facebook.com\/Diyanetvakfi\/","https:\/\/x.com\/DiyanetVakfi","https:\/\/www.instagram.com\/turkiyediyanetvakfi\/","https:\/\/www.youtube.com\/user\/TurkiyeDiyanetVakfi"]}]}},"_links":{"self":[{"href":"https:\/\/tdv.org\/tr-TR\/wp-json\/wp\/v2\/pages\/17688","targetHints":{"allow":["GET"]}}],"collection":[{"href":"https:\/\/tdv.org\/tr-TR\/wp-json\/wp\/v2\/pages"}],"about":[{"href":"https:\/\/tdv.org\/tr-TR\/wp-json\/wp\/v2\/types\/page"}],"author":[{"embeddable":true,"href":"https:\/\/tdv.org\/tr-TR\/wp-json\/wp\/v2\/users\/8"}],"replies":[{"embeddable":true,"href":"https:\/\/tdv.org\/tr-TR\/wp-json\/wp\/v2\/comments?post=17688"}],"version-history":[{"count":2,"href":"https:\/\/tdv.org\/tr-TR\/wp-json\/wp\/v2\/pages\/17688\/revisions"}],"predecessor-version":[{"id":56971,"href":"https:\/\/tdv.org\/tr-TR\/wp-json\/wp\/v2\/pages\/17688\/revisions\/56971"}],"up":[{"embeddable":true,"href":"https:\/\/tdv.org\/tr-TR\/wp-json\/wp\/v2\/pages\/1384"}],"wp:attachment":[{"href":"https:\/\/tdv.org\/tr-TR\/wp-json\/wp\/v2\/media?parent=17688"}],"curies":[{"name":"wp","href":"https:\/\/api.w.org\/{rel}","templated":true}]}}