{"id":23276,"date":"2022-05-11T14:43:13","date_gmt":"2022-05-11T11:43:13","guid":{"rendered":"https:\/\/tdv.org\/tr-TR\/?page_id=23276"},"modified":"2026-04-07T10:22:55","modified_gmt":"2026-04-07T07:22:55","slug":"iyilige-netliyoruz","status":"publish","type":"page","link":"https:\/\/tdv.org\/tr-TR\/online-sergi\/iyilige-netliyoruz\/","title":{"rendered":"\u0130yili\u011fe Netliyoruz"},"content":{"rendered":"[vc_row type=&#8221;in_container&#8221; full_screen_row_position=&#8221;middle&#8221; column_margin=&#8221;default&#8221; column_direction=&#8221;default&#8221; column_direction_tablet=&#8221;default&#8221; column_direction_phone=&#8221;default&#8221; scene_position=&#8221;center&#8221; text_color=&#8221;dark&#8221; text_align=&#8221;left&#8221; row_border_radius=&#8221;none&#8221; row_border_radius_applies=&#8221;bg&#8221; row_position_desktop=&#8221;default&#8221; row_position_tablet=&#8221;inherit&#8221; row_position_phone=&#8221;inherit&#8221; overflow=&#8221;visible&#8221; overlay_strength=&#8221;0.3&#8243; gradient_direction=&#8221;left_to_right&#8221; shape_divider_position=&#8221;bottom&#8221; bg_image_animation=&#8221;none&#8221;][vc_column column_padding=&#8221;no-extra-padding&#8221; column_padding_tablet=&#8221;inherit&#8221; column_padding_phone=&#8221;inherit&#8221; column_padding_position=&#8221;all&#8221; flex_gap_desktop=&#8221;10px&#8221; column_element_direction_desktop=&#8221;default&#8221; column_element_spacing=&#8221;default&#8221; desktop_text_alignment=&#8221;default&#8221; tablet_text_alignment=&#8221;default&#8221; phone_text_alignment=&#8221;default&#8221; background_color_opacity=&#8221;1&#8243; background_hover_color_opacity=&#8221;1&#8243; column_backdrop_filter=&#8221;none&#8221; column_shadow=&#8221;none&#8221; column_border_radius=&#8221;none&#8221; column_link_target=&#8221;_self&#8221; column_position=&#8221;default&#8221; gradient_direction=&#8221;left_to_right&#8221; overlay_strength=&#8221;0.3&#8243; width=&#8221;1\/1&#8243; tablet_width_inherit=&#8221;default&#8221; animation_type=&#8221;default&#8221; bg_image_animation=&#8221;none&#8221; border_type=&#8221;simple&#8221; column_border_width=&#8221;none&#8221; column_border_style=&#8221;solid&#8221;][split_line_heading line_reveal_by_space_text_effect=&#8221;default&#8221; font_style=&#8221;h1&#8243; content_alignment=&#8221;default&#8221; mobile_content_alignment=&#8221;inherit&#8221; animation_type=&#8221;line-reveal-by-space&#8221; link_target=&#8221;_self&#8221;]\n<h2 style=\"text-align: center;\">\u0130Y\u0130L\u0130\u011eE NETL\u0130YORUZ<\/h2>\n[\/split_line_heading][vc_column_text css=&#8221;&#8221; text_direction=&#8221;default&#8221;]\n            <div \n                class=\"elfsight-widget-social-icons elfsight-widget\" \n                data-elfsight-social-icons-options=\"%7B%22items%22%3A%5B%7B%22type%22%3A%22custom%22%2C%22url%22%3A%22https%3A%5C%2F%5C%2Fsosyal.teknofest.app%5C%2F%40diyanetvakfi%22%2C%22iconUrl%22%3A%22https%3A%5C%2F%5C%2Ftdv.org%5C%2Ftr-TR%5C%2Fwp-content%5C%2Fuploads%5C%2F2025%5C%2F10%5C%2Ficon_next-1.png%22%7D%2C%7B%22type%22%3A%22custom%22%2C%22url%22%3A%22https%3A%5C%2F%5C%2Fwww.facebook.com%5C%2FDiyanetvakfi%5C%2F%22%2C%22iconUrl%22%3A%22https%3A%5C%2F%5C%2Ftdv.org%5C%2Ftr-TR%5C%2Fwp-content%5C%2Fuploads%5C%2F2025%5C%2F10%5C%2Ficon_face.png%22%7D%2C%7B%22type%22%3A%22custom%22%2C%22url%22%3A%22https%3A%5C%2F%5C%2Ftwitter.com%5C%2FDiyanetVakfi%22%2C%22iconUrl%22%3A%22https%3A%5C%2F%5C%2Ftdv.org%5C%2Ftr-TR%5C%2Fwp-content%5C%2Fuploads%5C%2F2025%5C%2F10%5C%2Ficon_x-1.png%22%7D%2C%7B%22type%22%3A%22custom%22%2C%22url%22%3A%22https%3A%5C%2F%5C%2Fwww.instagram.com%5C%2Fturkiyediyanetvakfi%5C%2F%22%2C%22iconUrl%22%3A%22https%3A%5C%2F%5C%2Ftdv.org%5C%2Ftr-TR%5C%2Fwp-content%5C%2Fuploads%5C%2F2025%5C%2F10%5C%2Ficon_inst.png%22%7D%2C%7B%22url%22%3A%22https%3A%5C%2F%5C%2Fwww.youtube.com%5C%2Fuser%5C%2FTurkiyeDiyanetVakfi%22%2C%22type%22%3A%22custom%22%2C%22iconUrl%22%3A%22https%3A%5C%2F%5C%2Ftdv.org%5C%2Ftr-TR%5C%2Fwp-content%5C%2Fuploads%5C%2F2025%5C%2F10%5C%2Ficon_youtube-1.png%22%7D%2C%7B%22url%22%3A%22https%3A%5C%2F%5C%2Ftdv.org%5C%2Ftr-TR%5C%2Fwhatsapp-kanali%22%2C%22type%22%3A%22custom%22%2C%22iconUrl%22%3A%22https%3A%5C%2F%5C%2Ftdv.org%5C%2Ftr-TR%5C%2Fwp-content%5C%2Fuploads%5C%2F2025%5C%2F10%5C%2Ficon_whatsapp.png%22%7D%2C%7B%22url%22%3A%22https%3A%5C%2F%5C%2Fnews.google.com%5C%2Fpublications%5C%2FCAAqBwgKMOS0xQswh9DcAw%3Fceid%3DTR%3Atr%26oc%3D3%22%2C%22type%22%3A%22custom%22%2C%22iconUrl%22%3A%22https%3A%5C%2F%5C%2Ftdv.org%5C%2Ftr-TR%5C%2Fwp-content%5C%2Fuploads%5C%2F2025%5C%2F10%5C%2Ficon_googlenews.png%22%7D%2C%7B%22url%22%3A%22tel%3A4446264%22%2C%22type%22%3A%22custom%22%2C%22iconUrl%22%3A%22https%3A%5C%2F%5C%2Ftdv.org%5C%2Ftr-TR%5C%2Fwp-content%5C%2Fuploads%5C%2F2025%5C%2F10%5C%2Ficon_tel-1.png%22%7D%5D%2C%22size%22%3A%2232%22%2C%22location%22%3A%22floating%22%2C%22position%22%3A%22left%22%2C%22style%22%3A%22default%22%2C%22iconColor%22%3A%22black%22%2C%22bgColor%22%3A%22white%22%2C%22iconColorOnHover%22%3A%22white%22%2C%22bgColorOnHover%22%3A%22black%22%2C%22borderRadius%22%3A%22square%22%2C%22animation%22%3A%22bounce%22%2C%22transparency%22%3A100%2C%22transparencyOnHover%22%3A100%2C%22widgetId%22%3A%224%22%7D\" \n                data-elfsight-social-icons-version=\"1.7.1\"\n                data-elfsight-widget-id=\"elfsight-social-icons-4\">\n            <\/div>\n            [\/vc_column_text][\/vc_column][\/vc_row][vc_row type=&#8221;in_container&#8221; full_screen_row_position=&#8221;middle&#8221; column_margin=&#8221;default&#8221; column_direction=&#8221;default&#8221; column_direction_tablet=&#8221;default&#8221; column_direction_phone=&#8221;default&#8221; scene_position=&#8221;center&#8221; text_color=&#8221;dark&#8221; text_align=&#8221;left&#8221; row_border_radius=&#8221;none&#8221; row_border_radius_applies=&#8221;bg&#8221; row_position_desktop=&#8221;default&#8221; row_position_tablet=&#8221;inherit&#8221; row_position_phone=&#8221;inherit&#8221; overflow=&#8221;visible&#8221; overlay_strength=&#8221;0.3&#8243; gradient_direction=&#8221;left_to_right&#8221; shape_divider_position=&#8221;bottom&#8221; bg_image_animation=&#8221;none&#8221;][vc_column column_padding=&#8221;no-extra-padding&#8221; column_padding_tablet=&#8221;inherit&#8221; column_padding_phone=&#8221;inherit&#8221; column_padding_position=&#8221;all&#8221; flex_gap_desktop=&#8221;10px&#8221; column_element_direction_desktop=&#8221;default&#8221; column_element_spacing=&#8221;default&#8221; desktop_text_alignment=&#8221;default&#8221; tablet_text_alignment=&#8221;default&#8221; phone_text_alignment=&#8221;default&#8221; background_color_opacity=&#8221;1&#8243; background_hover_color_opacity=&#8221;1&#8243; column_backdrop_filter=&#8221;none&#8221; column_shadow=&#8221;none&#8221; column_border_radius=&#8221;none&#8221; column_link_target=&#8221;_self&#8221; column_position=&#8221;default&#8221; gradient_direction=&#8221;left_to_right&#8221; overlay_strength=&#8221;0.3&#8243; width=&#8221;1\/1&#8243; tablet_width_inherit=&#8221;default&#8221; animation_type=&#8221;default&#8221; bg_image_animation=&#8221;none&#8221; border_type=&#8221;simple&#8221; column_border_width=&#8221;none&#8221; column_border_style=&#8221;solid&#8221;][vc_column_text]\t\t<div class=\"wvt-panorama-wrapper\">\n\t\t\t<style id=\"wvt_47098_1-panorama-css\">\n\t\t\t\t#wvt_47098_1 { padding-bottom: 50%; }\n@media only screen and (max-width:768px) { \n\t\t\t\t\t#wvt_47098_1 { padding-bottom: 75%; } \n\t\t\t\t}\n@media only screen and (max-width:600px) { \n\t\t\t\t\t#wvt_47098_1 { padding-bottom: 150%; } \n\t\t\t\t}\n\t\t\t\t\t\t\t<\/style>\n\t\t\t<div id=\"wvt_47098_1\" data-id=\"47098\"\n\t\t\t\t data-sequence=\"1\" class=\"wvt-panorama\">\n\t\t\t\t<div class=\"wvt-panorama-content\"><\/div>\n\t\t\t<\/div>\n\t\t\t<script>\n\t\t\t\twindow.wvtf['wvt_47098_1'] = {\"post_id\":47098,\"option\":{\"option\":{\"title\":\"\\u0130Y\\u0130L\\u0130\\u011eE NETL\\u0130YORUZ SALON 1\",\"type\":\"cubemap\",\"equirectangular\":\"\",\"equirectangular_fallback\":\"\",\"equirectangular_external\":\"0\",\"cubemap\":{\"back\":{\"id\":\"23234\",\"src\":\"https:\\\/\\\/tdv.org\\\/tr-TR\\\/wp-content\\\/uploads\\\/2022\\\/05\\\/2.lik-Odulu-Ozkan-Bilgin-van-min-e1732105592286.jpg\"},\"bottom\":{\"id\":\"47189\",\"src\":\"https:\\\/\\\/tdv.org\\\/tr-TR\\\/wp-content\\\/uploads\\\/2024\\\/11\\\/Taban-1-e1732106132107.jpg\"},\"front\":{\"id\":\"23233\",\"src\":\"https:\\\/\\\/tdv.org\\\/tr-TR\\\/wp-content\\\/uploads\\\/2022\\\/05\\\/1.lik-Odulu-CEM-GENCO-hatay-min-e1732105584299.jpg\"},\"left\":{\"id\":\"23235\",\"src\":\"https:\\\/\\\/tdv.org\\\/tr-TR\\\/wp-content\\\/uploads\\\/2022\\\/05\\\/3.luk-Odulu-serkan-daldal-konya-min-e1732105600715.jpg\"},\"right\":{\"id\":\"23237\",\"src\":\"https:\\\/\\\/tdv.org\\\/tr-TR\\\/wp-content\\\/uploads\\\/2022\\\/05\\\/Ali-MERMERTAS-trabzon-e1732105614317.jpg\"},\"top\":{\"id\":\"47188\",\"src\":\"https:\\\/\\\/tdv.org\\\/tr-TR\\\/wp-content\\\/uploads\\\/2024\\\/11\\\/Tavan-1-e1732106144511.jpg\"}},\"coordinate\":{\"pitch\":\"-3.034074831885773\",\"yaw\":\"90.59724786870622\",\"hfov\":\"100\"},\"height\":{\"desktop\":\"50\",\"tablet\":\"75\",\"mobile\":\"150\"},\"autorotate\":\"0\",\"autorotate_speed\":\"2\",\"autorotate_direction\":\"clockwise\",\"compass\":\"0\",\"north\":\"0\",\"zoom\":\"1\",\"fullscreen\":\"1\",\"orientation\":\"0\",\"spotlist\":\"1\",\"enable_map\":\"1\",\"mapdimension\":\"25\",\"toolbar_scheme\":\"top\",\"subtitle\":\"\",\"mapid\":\"47100\",\"css\":\"\"},\"hotspot\":[],\"tour\":[{\"key\":\"wvt-tour-key-wvcqr\",\"title\":\"\\u00d6NCEK\\u0130 SALON\",\"spot\":\"47110\",\"shape\":\"circle\",\"badge\":\"1\",\"bgcolor\":\"rgba(255,255,255,0)\",\"width\":\"60\",\"icontype\":\"icon\",\"icon\":\"fa-arrow-circle-left\",\"iconcolor\":\"#000000\",\"iconsize\":\"40\",\"iconimage\":\"\",\"coordinate\":{\"pitch\":\"2.7695863046989144\",\"yaw\":\"45.39990932370684\",\"hfov\":\"120\"},\"hover\":\"short\",\"hovertext\":\"\\u00d6NCEK\\u0130 SALON\",\"hovertheme\":\"borderless\",\"hoverposition\":\"auto\",\"hoverminwidth\":\"100\",\"hovermaxwidth\":\"300\"},{\"key\":\"wvt-tour-key-yahxz\",\"title\":\"SONRAK\\u0130 SALON\",\"spot\":\"47101\",\"shape\":\"circle\",\"badge\":\"1\",\"bgcolor\":\"rgba(255,255,255,0)\",\"width\":\"50\",\"icontype\":\"icon\",\"icon\":\"fa-arrow-circle-right\",\"iconcolor\":\"#000000\",\"iconsize\":\"40\",\"iconimage\":\"\",\"coordinate\":{\"pitch\":\"2.438485175777701\",\"yaw\":\"135.14581465894838\",\"hfov\":\"120\"},\"hover\":\"short\",\"hovertext\":\"SONRAK\\u0130 SALON\",\"hovertheme\":\"borderless\",\"hoverposition\":\"auto\",\"hoverminwidth\":\"100\",\"hovermaxwidth\":\"300\"}],\"global\":{\"context\":\"T\\u00fcrkiye Diyanet Vakf\\u0131\",\"context_url\":\"https:\\\/\\\/tdv.org\\\/tr-TR\\\/\",\"load_image\":\"\",\"load_scene\":\"ball-pulse\",\"edit\":\"1\"}}};\n\t\t\t<\/script>\n\t\t<\/div>\n\t\t[\/vc_column_text][\/vc_column][\/vc_row]\n","protected":false},"excerpt":{"rendered":"<p>[vc_row type=&#8221;in_container&#8221; full_screen_row_position=&#8221;middle&#8221; column_margin=&#8221;default&#8221; column_direction=&#8221;default&#8221; column_direction_tablet=&#8221;default&#8221; column_direction_phone=&#8221;default&#8221; scene_position=&#8221;center&#8221; text_color=&#8221;dark&#8221; text_align=&#8221;left&#8221; row_border_radius=&#8221;none&#8221; row_border_radius_applies=&#8221;bg&#8221; row_position_desktop=&#8221;default&#8221; row_position_tablet=&#8221;inherit&#8221; row_position_phone=&#8221;inherit&#8221; overflow=&#8221;visible&#8221; overlay_strength=&#8221;0.3&#8243; gradient_direction=&#8221;left_to_right&#8221; shape_divider_position=&#8221;bottom&#8221; bg_image_animation=&#8221;none&#8221;][vc_column column_padding=&#8221;no-extra-padding&#8221; column_padding_tablet=&#8221;inherit&#8221; column_padding_phone=&#8221;inherit&#8221; column_padding_position=&#8221;all&#8221; flex_gap_desktop=&#8221;10px&#8221; column_element_direction_desktop=&#8221;default&#8221; column_element_spacing=&#8221;default&#8221; desktop_text_alignment=&#8221;default&#8221; tablet_text_alignment=&#8221;default&#8221; phone_text_alignment=&#8221;default&#8221;&#8230;<\/p>\n","protected":false},"author":8,"featured_media":0,"parent":23017,"menu_order":0,"comment_status":"closed","ping_status":"closed","template":"","meta":{"footnotes":""},"class_list":["post-23276","page","type-page","status-publish"],"yoast_head":"<!-- This site is optimized with the Yoast SEO plugin v27.4 - https:\/\/yoast.com\/product\/yoast-seo-wordpress\/ -->\n<title>\u0130yili\u011fe Netliyoruz - T\u00fcrkiye Diyanet Vakf\u0131 Resmi Web Sitesi<\/title>\n<meta name=\"description\" content=\"\u201c\u0130yili\u011fe Netliyoruz\u201d slogan\u0131yla d\u00fczenledi\u011fimiz foto\u011fraf yar\u0131\u015fmam\u0131zda dereceye giren foto\u011fraflar\u0131 online olarak inceleyebilirsiniz.\" \/>\n<meta name=\"robots\" content=\"index, follow, max-snippet:-1, max-image-preview:large, max-video-preview:-1\" \/>\n<link rel=\"canonical\" href=\"https:\/\/tdv.org\/tr-TR\/online-sergi\/iyilige-netliyoruz\/\" \/>\n<meta property=\"og:locale\" content=\"tr_TR\" \/>\n<meta property=\"og:type\" content=\"article\" \/>\n<meta property=\"og:title\" content=\"\u0130yili\u011fe Netliyoruz - T\u00fcrkiye Diyanet Vakf\u0131 Resmi Web Sitesi\" \/>\n<meta property=\"og:description\" content=\"\u201c\u0130yili\u011fe Netliyoruz\u201d slogan\u0131yla d\u00fczenledi\u011fimiz foto\u011fraf yar\u0131\u015fmam\u0131zda dereceye giren foto\u011fraflar\u0131 online olarak inceleyebilirsiniz.\" \/>\n<meta property=\"og:url\" content=\"https:\/\/tdv.org\/tr-TR\/online-sergi\/iyilige-netliyoruz\/\" \/>\n<meta property=\"og:site_name\" content=\"T\u00fcrkiye Diyanet Vakf\u0131 Resmi Web Sitesi\" \/>\n<meta property=\"article:publisher\" content=\"https:\/\/www.facebook.com\/Diyanetvakfi\/\" \/>\n<meta property=\"article:modified_time\" content=\"2026-04-07T07:22:55+00:00\" \/>\n<meta name=\"twitter:card\" content=\"summary_large_image\" \/>\n<meta name=\"twitter:site\" content=\"@DiyanetVakfi\" \/>\n<script type=\"application\/ld+json\" class=\"yoast-schema-graph\">{\"@context\":\"https:\\\/\\\/schema.org\",\"@graph\":[{\"@type\":\"WebPage\",\"@id\":\"https:\\\/\\\/tdv.org\\\/tr-TR\\\/online-sergi\\\/iyilige-netliyoruz\\\/\",\"url\":\"https:\\\/\\\/tdv.org\\\/tr-TR\\\/online-sergi\\\/iyilige-netliyoruz\\\/\",\"name\":\"\u0130yili\u011fe Netliyoruz - T\u00fcrkiye Diyanet Vakf\u0131 Resmi Web Sitesi\",\"isPartOf\":{\"@id\":\"https:\\\/\\\/tdv.org\\\/tr-TR\\\/#website\"},\"datePublished\":\"2022-05-11T11:43:13+00:00\",\"dateModified\":\"2026-04-07T07:22:55+00:00\",\"description\":\"\u201c\u0130yili\u011fe Netliyoruz\u201d slogan\u0131yla d\u00fczenledi\u011fimiz foto\u011fraf yar\u0131\u015fmam\u0131zda dereceye giren foto\u011fraflar\u0131 online olarak inceleyebilirsiniz.\",\"breadcrumb\":{\"@id\":\"https:\\\/\\\/tdv.org\\\/tr-TR\\\/online-sergi\\\/iyilige-netliyoruz\\\/#breadcrumb\"},\"inLanguage\":\"tr\",\"potentialAction\":[{\"@type\":\"ReadAction\",\"target\":[\"https:\\\/\\\/tdv.org\\\/tr-TR\\\/online-sergi\\\/iyilige-netliyoruz\\\/\"]}]},{\"@type\":\"BreadcrumbList\",\"@id\":\"https:\\\/\\\/tdv.org\\\/tr-TR\\\/online-sergi\\\/iyilige-netliyoruz\\\/#breadcrumb\",\"itemListElement\":[{\"@type\":\"ListItem\",\"position\":1,\"name\":\"Anasayfa\",\"item\":\"https:\\\/\\\/tdv.org\\\/tr-TR\\\/\"},{\"@type\":\"ListItem\",\"position\":2,\"name\":\"Online Sergi\",\"item\":\"https:\\\/\\\/tdv.org\\\/tr-TR\\\/online-sergi\\\/\"},{\"@type\":\"ListItem\",\"position\":3,\"name\":\"\u0130yili\u011fe Netliyoruz\"}]},{\"@type\":\"WebSite\",\"@id\":\"https:\\\/\\\/tdv.org\\\/tr-TR\\\/#website\",\"url\":\"https:\\\/\\\/tdv.org\\\/tr-TR\\\/\",\"name\":\"T\u00fcrkiye Diyanet Vakf\u0131 Resmi Web Sitesi\",\"description\":\"Yery\u00fcz\u00fcnde iyilik egemen oluncaya kadar\",\"publisher\":{\"@id\":\"https:\\\/\\\/tdv.org\\\/tr-TR\\\/#organization\"},\"alternateName\":\"T\u00fcrkiye Diyanet Vakf\u0131\",\"potentialAction\":[{\"@type\":\"SearchAction\",\"target\":{\"@type\":\"EntryPoint\",\"urlTemplate\":\"https:\\\/\\\/tdv.org\\\/tr-TR\\\/?s={search_term_string}\"},\"query-input\":{\"@type\":\"PropertyValueSpecification\",\"valueRequired\":true,\"valueName\":\"search_term_string\"}}],\"inLanguage\":\"tr\"},{\"@type\":\"Organization\",\"@id\":\"https:\\\/\\\/tdv.org\\\/tr-TR\\\/#organization\",\"name\":\"T\u00fcrkiye Diyanet Vakf\u0131\",\"alternateName\":\"T\u00fcrkiye Diyanet Vakf\u0131\",\"url\":\"https:\\\/\\\/tdv.org\\\/tr-TR\\\/\",\"logo\":{\"@type\":\"ImageObject\",\"inLanguage\":\"tr\",\"@id\":\"https:\\\/\\\/tdv.org\\\/tr-TR\\\/#\\\/schema\\\/logo\\\/image\\\/\",\"url\":\"https:\\\/\\\/tdv.org\\\/tr-TR\\\/wp-content\\\/uploads\\\/2018\\\/12\\\/TDV_Logo_1.png\",\"contentUrl\":\"https:\\\/\\\/tdv.org\\\/tr-TR\\\/wp-content\\\/uploads\\\/2018\\\/12\\\/TDV_Logo_1.png\",\"width\":207,\"height\":71,\"caption\":\"T\u00fcrkiye Diyanet Vakf\u0131\"},\"image\":{\"@id\":\"https:\\\/\\\/tdv.org\\\/tr-TR\\\/#\\\/schema\\\/logo\\\/image\\\/\"},\"sameAs\":[\"https:\\\/\\\/www.facebook.com\\\/Diyanetvakfi\\\/\",\"https:\\\/\\\/x.com\\\/DiyanetVakfi\",\"https:\\\/\\\/www.instagram.com\\\/turkiyediyanetvakfi\\\/\",\"https:\\\/\\\/www.youtube.com\\\/user\\\/TurkiyeDiyanetVakfi\"]}]}<\/script>\n<!-- \/ Yoast SEO plugin. -->","yoast_head_json":{"title":"\u0130yili\u011fe Netliyoruz - T\u00fcrkiye Diyanet Vakf\u0131 Resmi Web Sitesi","description":"\u201c\u0130yili\u011fe Netliyoruz\u201d slogan\u0131yla d\u00fczenledi\u011fimiz foto\u011fraf yar\u0131\u015fmam\u0131zda dereceye giren foto\u011fraflar\u0131 online olarak inceleyebilirsiniz.","robots":{"index":"index","follow":"follow","max-snippet":"max-snippet:-1","max-image-preview":"max-image-preview:large","max-video-preview":"max-video-preview:-1"},"canonical":"https:\/\/tdv.org\/tr-TR\/online-sergi\/iyilige-netliyoruz\/","og_locale":"tr_TR","og_type":"article","og_title":"\u0130yili\u011fe Netliyoruz - T\u00fcrkiye Diyanet Vakf\u0131 Resmi Web Sitesi","og_description":"\u201c\u0130yili\u011fe Netliyoruz\u201d slogan\u0131yla d\u00fczenledi\u011fimiz foto\u011fraf yar\u0131\u015fmam\u0131zda dereceye giren foto\u011fraflar\u0131 online olarak inceleyebilirsiniz.","og_url":"https:\/\/tdv.org\/tr-TR\/online-sergi\/iyilige-netliyoruz\/","og_site_name":"T\u00fcrkiye Diyanet Vakf\u0131 Resmi Web Sitesi","article_publisher":"https:\/\/www.facebook.com\/Diyanetvakfi\/","article_modified_time":"2026-04-07T07:22:55+00:00","twitter_card":"summary_large_image","twitter_site":"@DiyanetVakfi","schema":{"@context":"https:\/\/schema.org","@graph":[{"@type":"WebPage","@id":"https:\/\/tdv.org\/tr-TR\/online-sergi\/iyilige-netliyoruz\/","url":"https:\/\/tdv.org\/tr-TR\/online-sergi\/iyilige-netliyoruz\/","name":"\u0130yili\u011fe Netliyoruz - T\u00fcrkiye Diyanet Vakf\u0131 Resmi Web Sitesi","isPartOf":{"@id":"https:\/\/tdv.org\/tr-TR\/#website"},"datePublished":"2022-05-11T11:43:13+00:00","dateModified":"2026-04-07T07:22:55+00:00","description":"\u201c\u0130yili\u011fe Netliyoruz\u201d slogan\u0131yla d\u00fczenledi\u011fimiz foto\u011fraf yar\u0131\u015fmam\u0131zda dereceye giren foto\u011fraflar\u0131 online olarak inceleyebilirsiniz.","breadcrumb":{"@id":"https:\/\/tdv.org\/tr-TR\/online-sergi\/iyilige-netliyoruz\/#breadcrumb"},"inLanguage":"tr","potentialAction":[{"@type":"ReadAction","target":["https:\/\/tdv.org\/tr-TR\/online-sergi\/iyilige-netliyoruz\/"]}]},{"@type":"BreadcrumbList","@id":"https:\/\/tdv.org\/tr-TR\/online-sergi\/iyilige-netliyoruz\/#breadcrumb","itemListElement":[{"@type":"ListItem","position":1,"name":"Anasayfa","item":"https:\/\/tdv.org\/tr-TR\/"},{"@type":"ListItem","position":2,"name":"Online Sergi","item":"https:\/\/tdv.org\/tr-TR\/online-sergi\/"},{"@type":"ListItem","position":3,"name":"\u0130yili\u011fe Netliyoruz"}]},{"@type":"WebSite","@id":"https:\/\/tdv.org\/tr-TR\/#website","url":"https:\/\/tdv.org\/tr-TR\/","name":"T\u00fcrkiye Diyanet Vakf\u0131 Resmi Web Sitesi","description":"Yery\u00fcz\u00fcnde iyilik egemen oluncaya kadar","publisher":{"@id":"https:\/\/tdv.org\/tr-TR\/#organization"},"alternateName":"T\u00fcrkiye Diyanet Vakf\u0131","potentialAction":[{"@type":"SearchAction","target":{"@type":"EntryPoint","urlTemplate":"https:\/\/tdv.org\/tr-TR\/?s={search_term_string}"},"query-input":{"@type":"PropertyValueSpecification","valueRequired":true,"valueName":"search_term_string"}}],"inLanguage":"tr"},{"@type":"Organization","@id":"https:\/\/tdv.org\/tr-TR\/#organization","name":"T\u00fcrkiye Diyanet Vakf\u0131","alternateName":"T\u00fcrkiye Diyanet Vakf\u0131","url":"https:\/\/tdv.org\/tr-TR\/","logo":{"@type":"ImageObject","inLanguage":"tr","@id":"https:\/\/tdv.org\/tr-TR\/#\/schema\/logo\/image\/","url":"https:\/\/tdv.org\/tr-TR\/wp-content\/uploads\/2018\/12\/TDV_Logo_1.png","contentUrl":"https:\/\/tdv.org\/tr-TR\/wp-content\/uploads\/2018\/12\/TDV_Logo_1.png","width":207,"height":71,"caption":"T\u00fcrkiye Diyanet Vakf\u0131"},"image":{"@id":"https:\/\/tdv.org\/tr-TR\/#\/schema\/logo\/image\/"},"sameAs":["https:\/\/www.facebook.com\/Diyanetvakfi\/","https:\/\/x.com\/DiyanetVakfi","https:\/\/www.instagram.com\/turkiyediyanetvakfi\/","https:\/\/www.youtube.com\/user\/TurkiyeDiyanetVakfi"]}]}},"_links":{"self":[{"href":"https:\/\/tdv.org\/tr-TR\/wp-json\/wp\/v2\/pages\/23276","targetHints":{"allow":["GET"]}}],"collection":[{"href":"https:\/\/tdv.org\/tr-TR\/wp-json\/wp\/v2\/pages"}],"about":[{"href":"https:\/\/tdv.org\/tr-TR\/wp-json\/wp\/v2\/types\/page"}],"author":[{"embeddable":true,"href":"https:\/\/tdv.org\/tr-TR\/wp-json\/wp\/v2\/users\/8"}],"replies":[{"embeddable":true,"href":"https:\/\/tdv.org\/tr-TR\/wp-json\/wp\/v2\/comments?post=23276"}],"version-history":[{"count":6,"href":"https:\/\/tdv.org\/tr-TR\/wp-json\/wp\/v2\/pages\/23276\/revisions"}],"predecessor-version":[{"id":57041,"href":"https:\/\/tdv.org\/tr-TR\/wp-json\/wp\/v2\/pages\/23276\/revisions\/57041"}],"up":[{"embeddable":true,"href":"https:\/\/tdv.org\/tr-TR\/wp-json\/wp\/v2\/pages\/23017"}],"wp:attachment":[{"href":"https:\/\/tdv.org\/tr-TR\/wp-json\/wp\/v2\/media?parent=23276"}],"curies":[{"name":"wp","href":"https:\/\/api.w.org\/{rel}","templated":true}]}}