{"id":2440,"date":"2019-04-11T09:09:28","date_gmt":"2019-04-11T06:09:28","guid":{"rendered":"https:\/\/tdv.org\/tr-TR\/?page_id=2440"},"modified":"2026-04-07T10:08:38","modified_gmt":"2026-04-07T07:08:38","slug":"gizlilik-ve-veri-guvenligi-politikasi","status":"publish","type":"page","link":"https:\/\/tdv.org\/tr-TR\/gizlilik-ve-veri-guvenligi-politikasi\/","title":{"rendered":"Gizlilik ve Veri G\u00fcvenli\u011fi Politikas\u0131"},"content":{"rendered":"[vc_row type=&#8221;in_container&#8221; full_screen_row_position=&#8221;middle&#8221; column_margin=&#8221;default&#8221; column_direction=&#8221;default&#8221; column_direction_tablet=&#8221;default&#8221; column_direction_phone=&#8221;default&#8221; scene_position=&#8221;center&#8221; text_color=&#8221;dark&#8221; text_align=&#8221;left&#8221; row_border_radius=&#8221;none&#8221; row_border_radius_applies=&#8221;bg&#8221; row_position_desktop=&#8221;default&#8221; row_position_tablet=&#8221;inherit&#8221; row_position_phone=&#8221;inherit&#8221; overflow=&#8221;visible&#8221; overlay_strength=&#8221;0.3&#8243; gradient_direction=&#8221;left_to_right&#8221; shape_divider_position=&#8221;bottom&#8221; bg_image_animation=&#8221;none&#8221;][vc_column column_padding=&#8221;no-extra-padding&#8221; column_padding_tablet=&#8221;inherit&#8221; column_padding_phone=&#8221;inherit&#8221; column_padding_position=&#8221;all&#8221; flex_gap_desktop=&#8221;10px&#8221; column_element_direction_desktop=&#8221;default&#8221; column_element_spacing=&#8221;default&#8221; desktop_text_alignment=&#8221;default&#8221; tablet_text_alignment=&#8221;default&#8221; phone_text_alignment=&#8221;default&#8221; background_color_opacity=&#8221;1&#8243; background_hover_color_opacity=&#8221;1&#8243; column_backdrop_filter=&#8221;none&#8221; column_shadow=&#8221;none&#8221; column_border_radius=&#8221;none&#8221; column_link_target=&#8221;_self&#8221; column_position=&#8221;default&#8221; gradient_direction=&#8221;left_to_right&#8221; overlay_strength=&#8221;0.3&#8243; width=&#8221;1\/1&#8243; tablet_width_inherit=&#8221;default&#8221; animation_type=&#8221;default&#8221; bg_image_animation=&#8221;none&#8221; border_type=&#8221;simple&#8221; column_border_width=&#8221;none&#8221; column_border_style=&#8221;solid&#8221;][vc_column_text]\n<h4 style=\"text-align: center;\"><strong>T\u00fcrkiye Diyanet Vakf\u0131<\/strong><\/h4>\n<h4 style=\"text-align: center;\"><strong>Ki\u015fisel Verilerin Korunmas\u0131 Kanunu Kapsam\u0131nda Gizlilik ve Veri G\u00fcvenli\u011fi Politikas\u0131 K\u0130\u015e\u0130SEL VER\u0130LER\u0130N KORUNMASI VE \u0130\u015eLENMES\u0130 GENEL AYDINLATMA METN\u0130<\/strong><\/h4>\n<p style=\"text-align: justify;\">Bu \u201cAyd\u0131nlatma Metni\u201d, 6698 Say\u0131l\u0131 Ki\u015fisel Verilerin Korunmas\u0131 Kanunu (KVKK) uyar\u0131nca, veri sorumlusu s\u0131fat\u0131yla T\u00fcrkiye Diyanet Vakf\u0131 (TDV) olarak, \u00f6zel hayat\u0131n gizlili\u011fi ve ki\u015filerin temel hak ve \u00f6zg\u00fcrl\u00fcklerinin korunmas\u0131 ilkesine g\u00f6re gerekli \u00f6nlemleri ald\u0131\u011f\u0131m\u0131z hususunda sizleri bilgilendirmek amac\u0131yla haz\u0131rlanm\u0131\u015ft\u0131r.<\/p>\n<p style=\"text-align: justify;\"><strong>1.\u00a0 VER\u0130 SORUMLUSUNUN K\u0130ML\u0130\u011e\u0130<\/strong><\/p>\n<p style=\"text-align: justify;\">Vakf\u0131m\u0131z, gerek bu internet sitesi \/ (doldurdu\u011funuz bu form ile) gerekse di\u011fer mecralarda bizimle payla\u015ft\u0131\u011f\u0131n\u0131z ki\u015fisel verileriniz sebebiyle KVKK kapsam\u0131nda, \u2018veri sorumlusu\u2019 s\u0131fat\u0131na haiz olabilir. Bu \u00e7er\u00e7evede \u2018veri sorumlusunun kimli\u011fi\u2019, T\u00fcrkiye Cumhuriyeti kanunlar\u0131na uygun \u015fekilde vak\u0131f stat\u00fcs\u00fcnde kurulan, <strong>Dr. Mediha Eldem Sokak 72\/B Kocatepe \/ANKARA <\/strong>adresinde bulunan T\u00fcrkiye Diyanet Vakf\u0131\u2019d\u0131r.<\/p>\n<p style=\"text-align: justify;\"><strong>2.\u00a0 K\u0130\u015e\u0130SEL VER\u0130LER\u0130N\u0130Z\u0130N \u0130\u015eLENME AMACI<\/strong><\/p>\n<p style=\"text-align: justify;\">Toplanan veriler veri sorumlusu s\u0131fat\u0131yla TDV taraf\u0131ndan, KVKK uyar\u0131nca, KVKK taraf\u0131ndan \u00f6ng\u00f6r\u00fclen temel ilkelere uygun olarak ve KVKK\u2019n\u0131n 5. ve 6. maddelerinde belirtilen ki\u015fisel veri i\u015fleme \u015fartlar\u0131 ve ama\u00e7lar\u0131 dahilinde, s\u00f6zl\u00fc, yaz\u0131l\u0131 ya da elektronik ortamda, TDV taraf\u0131ndan a\u015fa\u011f\u0131da yer alan ama\u00e7lar do\u011frultusunda i\u015flenebilecektir:<\/p>\n<ul style=\"text-align: justify;\">\n<li>TDV Vak\u0131f senedinde belirtilen ama\u00e7lar do\u011frultusunda icra edilen faaliyetler kapsam\u0131nda bildiri, bro\u015f\u00fcr, faaliyet tutanaklar\u0131 ile yine ayn\u0131 ama\u00e7lar do\u011frultusunda yat\u0131r\u0131m, tan\u0131t\u0131m ve di\u011fer amaca y\u00f6nelik y\u00fcr\u00fct\u00fclen faaliyetler i\u00e7in gerekli \u00e7al\u0131\u015fmalar\u0131n yap\u0131lmas\u0131 ve buna ba\u011fl\u0131 i\u015flemlerin y\u00fcr\u00fct\u00fclmesi,<\/li>\n<li>Ba\u011f\u0131\u015f\u00e7\u0131lara ba\u011f\u0131\u015f miktar\u0131na g\u00f6re verilen te\u015fekk\u00fcr mektubu, \u015filt, plaket ve objelerin haz\u0131rlanmas\u0131 ve verilmesi,<\/li>\n<li>Dergi, bro\u015f\u00fcr ve benzeri yay\u0131nlar\u0131n haz\u0131rlanmas\u0131 ve da\u011f\u0131t\u0131lmas\u0131,<\/li>\n<li>TDV taraf\u0131ndan y\u00fcr\u00fct\u00fclen faaliyetlerin ger\u00e7ekle\u015ftirilmesi i\u00e7in ilgili i\u015f birimlerimiz taraf\u0131ndan gerekli \u00e7al\u0131\u015fmalar\u0131n yap\u0131lmas\u0131 ve buna ba\u011fl\u0131 i\u015f s\u00fcre\u00e7lerinin y\u00fcr\u00fct\u00fclmesi,<\/li>\n<li>Medyadan istifade edilerek kamuoyunun do\u011fru bilgilendirilmesi,<\/li>\n<li>Yurt i\u00e7inde veya uluslararas\u0131 d\u00fczeyde faaliyetlerde bulunulmas\u0131na y\u00f6nelik i\u015f ve i\u015flemler,<\/li>\n<li>TDV\u2019nin insan kaynaklar\u0131 politikalar\u0131 ve s\u00fcre\u00e7lerinin belirlenen yasal \u00e7er\u00e7evede planlanmas\u0131 ve icra edilmesi,<\/li>\n<\/ul>\n<p style=\"text-align: justify;\">Aksi ki\u015fi taraf\u0131ndan yaz\u0131l\u0131 olarak bildirilmedi\u011fi s\u00fcrece, ki\u015fisel verilerinin toplanmas\u0131, i\u015flenmesi, kendisine, TDV taraf\u0131ndan her t\u00fcrl\u00fc ileti\u015fim vas\u0131tas\u0131 ile ula\u015f\u0131lmas\u0131 hususlar\u0131ndaki mevcut uygulamaya devam edilece\u011fini kabul eder.<\/p>\n<p style=\"text-align: justify;\"><strong>3.\u00a0 K\u0130\u015e\u0130SEL VER\u0130LER\u0130N\u0130Z\u0130N AKTARILDI\u011eI TARAFLAR VE AKTARIM AMA\u00c7LARI<\/strong><\/p>\n<p style=\"text-align: justify;\">Toplanan ki\u015fisel verileriniz, KVKK taraf\u0131ndan \u00f6ng\u00f6r\u00fclen temel ilkelere uygun olarak ve KVKK\u2019n\u0131n 8. ve 9. maddelerinde belirtilen ki\u015fisel veri i\u015fleme \u015fartlar\u0131 ve ama\u00e7lar\u0131 dahilinde, verilen al\u0131nma ama\u00e7lar\u0131na mesnet faaliyetleri ger\u00e7ekle\u015ftirmek amac\u0131yla, TDV \u2019ye ili\u015fkin tan\u0131t\u0131m ve bilgilendirme ama\u00e7l\u0131 ileti\u015fimleri ger\u00e7ekle\u015ftirmek, istatistiki bilgi toplamak, derlemek ve ba\u011f\u0131\u015f \u00e7al\u0131\u015fmalar\u0131n\u0131 geli\u015ftirmek ama\u00e7lar\u0131yla taraf\u0131m\u0131zca kullan\u0131labilecektir, veriler bilgilerin do\u011frulu\u011funun teyidi ve yap\u0131lacak i\u015flemlerde m\u00fckerrerlik yap\u0131lmas\u0131n\u0131n \u00f6n\u00fcne ge\u00e7ilmesi gibi ama\u00e7larla, TDV ve i\u015fletme\/i\u015ftiraklerinin i\u015f ve i\u015flemlerinin tan\u0131t\u0131m ve bilgilendirmesi amac\u0131yla i\u015f ortaklar\u0131m\u0131zla, di\u011fer STK\u2019lar ile, tedarik\u00e7ilerimizle, kanunen yetkili kamu kurumlar\u0131, Yabanc\u0131 B\u00fcy\u00fckel\u00e7ilikler ve kanunen yetkili \u00f6zel kurumlarla payla\u015f\u0131labilecektir. (Aktar\u0131labilmektedir.)<\/p>\n<p style=\"text-align: justify;\">TDV, Kredi Kart\u0131, Bankamatik Kart\u0131 gibi ba\u011f\u0131\u015fa konu olan ki\u015fisel verilerinizi kaydetmemekte ve saklamamaktad\u0131r. Ba\u011f\u0131\u015f \u00f6demelerinin g\u00fcvenli\u011fini SSL tabanl\u0131 128-bit \u015fifreleme ile sa\u011flanmaktad\u0131r.<\/p>\n<p style=\"text-align: justify;\"><strong>4.\u00a0 K\u0130\u015e\u0130SEL VER\u0130LER\u0130N\u0130Z\u0130N TOPLANMA Y\u00d6NTEM\u0130 VE HUKUK\u0130 SEBEB\u0130<\/strong><\/p>\n<p style=\"text-align: justify;\">Ki\u015fisel verileriniz, KVKK\u2019n\u0131n 5. ve 6. maddelerinde belirtilen ki\u015fisel veri i\u015fleme \u015fartlar\u0131 ve ama\u00e7lar\u0131 kapsam\u0131nda i\u015fbu ayd\u0131nlatma metninde belirtilen ama\u00e7larla mevzuata ve TDV politikalar\u0131na uygun olacak \u015fekilde s\u00f6zl\u00fc, yaz\u0131l\u0131 veya elektronik olarak toplanabilir, i\u015flenebilir.<\/p>\n<p style=\"text-align: justify;\">Ki\u015fisel verilerinizi, daha k\u0131sa veya daha uzun bir saklama s\u00fcresi gerekmedik\u00e7e veya ge\u00e7erli yasa kapsam\u0131nda izin verildi\u011fi \u00f6l\u00e7\u00fcde, bu beyanda belirtilen ama\u00e7lar\u0131 yerine getirmek i\u00e7in gerekli oldu\u011fu m\u00fcddet\u00e7e saklayaca\u011f\u0131z. Buna g\u00f6re ba\u015fta yasal zaman a\u015f\u0131m\u0131 s\u00fcreleri olmak \u00fczere, kanunda \u00f6ng\u00f6r\u00fclen s\u00fcreleri ve bunun d\u0131\u015f\u0131nda verinin i\u015flenmesi i\u00e7in gerekli g\u00f6r\u00fclen s\u00fcreleri esas al\u0131yoruz.<\/p>\n<p style=\"text-align: justify;\"><strong>5.\u00a0 \u00a0 K\u0130\u015e\u0130SEL VER\u0130 SAH\u0130B\u0130 OLARAK KANUN\u2019UN 11. MADDES\u0130NDE SAYILAN HAKLARI<\/strong><\/p>\n<ul style=\"text-align: justify;\">\n<li>Ki\u015fisel verilerinizin i\u015flenip i\u015flenmedi\u011fini \u00f6\u011frenme,<\/li>\n<li>Ki\u015fisel verileriniz i\u015flenmi\u015fse buna ili\u015fkin bilgi talep etme,<\/li>\n<li>Ki\u015fisel verilerinizin i\u015flenme amac\u0131n\u0131 ve bunlar\u0131n amac\u0131na uygun kullan\u0131l\u0131p kullan\u0131lmad\u0131\u011f\u0131n\u0131 \u00f6\u011frenme,<\/li>\n<li>Yurt i\u00e7inde veya yurt d\u0131\u015f\u0131nda ki\u015fisel verilerinizin aktar\u0131ld\u0131\u011f\u0131 \u00fc\u00e7\u00fcnc\u00fc ki\u015fileri bilme,<\/li>\n<li>Ki\u015fisel verilerinizin eksik veya yanl\u0131\u015f i\u015flenmi\u015f olmas\u0131 h\u00e2linde bunlar\u0131n d\u00fczeltilmesini isteme ve bu kapsamda yap\u0131lan i\u015flemin ki\u015fisel verilerinizin aktar\u0131ld\u0131\u011f\u0131 \u00fc\u00e7\u00fcnc\u00fc ki\u015filere bildirilmesini isteme,<\/li>\n<li>KVKK ve ilgili di\u011fer kanun h\u00fck\u00fcmlerine uygun olarak i\u015flenmi\u015f olmas\u0131na ra\u011fmen, i\u015flenmesini gerektiren sebeplerin ortadan kalkmas\u0131 h\u00e2linde ki\u015fisel verilerin silinmesini veya yok edilmesini isteme ve bu kapsamda yap\u0131lan i\u015flemin ki\u015fisel verilerinizin aktar\u0131ld\u0131\u011f\u0131 \u00fc\u00e7\u00fcnc\u00fc ki\u015filere bildirilmesini isteme,<\/li>\n<li>\u0130\u015flenen verilerin m\u00fcnhas\u0131ran otomatik sistemler vas\u0131tas\u0131yla analiz edilmesi suretiyle aleyhinize bir sonucun ortaya \u00e7\u0131kmas\u0131 durumunda buna itiraz etme,<\/li>\n<li>Ki\u015fisel verilerinizin kanuna ayk\u0131r\u0131 olarak i\u015flenmesi sebebiyle zarara u\u011framan\u0131z h\u00e2linde zarar\u0131n giderilmesini talep etme.<\/li>\n<\/ul>\n<p style=\"text-align: justify;\">KVKK\u2019n\u0131n 13. maddesinin 1. f\u0131kras\u0131 gere\u011fince, yukar\u0131da belirtilen haklar\u0131n\u0131z\u0131 kullanmak ile ilgili talebinizi KVKK gere\u011fince, yaz\u0131l\u0131 olarak TDV \u2019ye iletmeniz gerekmektedir. Bu \u00e7er\u00e7evede TDV \u2018ye KVKK\u2019n\u0131n 11. maddesi kapsam\u0131nda yapaca\u011f\u0131n\u0131z ba\u015fvurular i\u00e7in, ba\u015fvurunuzu iletece\u011finiz kanallar ve usuller a\u015fa\u011f\u0131da a\u00e7\u0131klanmaktad\u0131r.<\/p>\n<p style=\"text-align: justify;\"><strong><u>Yaz\u0131l\u0131 olarak talepte bulunulmas\u0131 halinde;<\/u><\/strong><\/p>\n<p style=\"text-align: justify;\">Veri Sahibi Ba\u015fvuru Forumu\u2019nun \u0131slak imzal\u0131 bir n\u00fcshas\u0131n\u0131, Vakf\u0131m\u0131z Genel M\u00fcd\u00fcrl\u00fc\u011f\u00fc\u2019ne kimli\u011finizi tespit edici bir belge ile \u015fahsen veya 11. Madde kapsam\u0131nda say\u0131lan haklara ili\u015fkin ba\u015fvuru yapmaya yetkili oldu\u011funuzu g\u00f6sterir ve noter tasdikli bir vek\u00e2letname ile vekaleten teslim edebilir ya da noter arac\u0131l\u0131\u011f\u0131yla \u201c<strong>Dr. Mediha Eldem Sokak 72\/B Kocatepe \/ANKARA\u201d <\/strong>adresine g\u00f6nderebilirsiniz.<\/p>\n<p style=\"text-align: justify;\"><strong><u>Elektronik olarak talepte bulunulmas\u0131 halinde:<\/u><\/strong><\/p>\n<p style=\"text-align: justify;\">Veri Sahibi Ba\u015fvuru Forumu\u2019nu, 5070 say\u0131l\u0131 Elektronik \u0130mza Kanunu\u2019nda tan\u0131ml\u0131 olan \u201cg\u00fcvenli elektronik imza\u201d sertifikas\u0131na sahip bir elektronik ya da mobil imza ile imzalayarak, \u201cVakf\u0131m\u0131z kay\u0131tl\u0131 kep adresi olan <a href=\"mailto:tdv@hs03.kep.tr\">tdv@hs03.kep.tr<\/a> adresine g\u00f6nderebilirsiniz. Vakf\u0131m\u0131z iletti\u011finiz taleplerinizin niteli\u011fine g\u00f6re en k\u0131sa s\u00fcrede ve en ge\u00e7 otuz g\u00fcn i\u00e7erisinde, Veri Sorumlusuna Ba\u015fvuru Usul Ve Esaslar\u0131 Hakk\u0131nda Tebli\u011f\u2019 in 7. maddesinde belirlenen i\u015flem \u00fccreti kar\u015f\u0131l\u0131\u011f\u0131nda, yaz\u0131l\u0131 olarak veya elektronik ortamda cevapland\u0131r\u0131lacakt\u0131r.<\/p>\n<p style=\"text-align: justify;\">\n<p style=\"text-align: justify;\">\n[\/vc_column_text][vc_column_text css=&#8221;&#8221; text_direction=&#8221;default&#8221;]\n            <div \n                class=\"elfsight-widget-social-icons elfsight-widget\" \n                data-elfsight-social-icons-options=\"%7B%22items%22%3A%5B%7B%22type%22%3A%22custom%22%2C%22url%22%3A%22https%3A%5C%2F%5C%2Fsosyal.teknofest.app%5C%2F%40diyanetvakfi%22%2C%22iconUrl%22%3A%22https%3A%5C%2F%5C%2Ftdv.org%5C%2Ftr-TR%5C%2Fwp-content%5C%2Fuploads%5C%2F2025%5C%2F10%5C%2Ficon_next-1.png%22%7D%2C%7B%22type%22%3A%22custom%22%2C%22url%22%3A%22https%3A%5C%2F%5C%2Fwww.facebook.com%5C%2FDiyanetvakfi%5C%2F%22%2C%22iconUrl%22%3A%22https%3A%5C%2F%5C%2Ftdv.org%5C%2Ftr-TR%5C%2Fwp-content%5C%2Fuploads%5C%2F2025%5C%2F10%5C%2Ficon_face.png%22%7D%2C%7B%22type%22%3A%22custom%22%2C%22url%22%3A%22https%3A%5C%2F%5C%2Ftwitter.com%5C%2FDiyanetVakfi%22%2C%22iconUrl%22%3A%22https%3A%5C%2F%5C%2Ftdv.org%5C%2Ftr-TR%5C%2Fwp-content%5C%2Fuploads%5C%2F2025%5C%2F10%5C%2Ficon_x-1.png%22%7D%2C%7B%22type%22%3A%22custom%22%2C%22url%22%3A%22https%3A%5C%2F%5C%2Fwww.instagram.com%5C%2Fturkiyediyanetvakfi%5C%2F%22%2C%22iconUrl%22%3A%22https%3A%5C%2F%5C%2Ftdv.org%5C%2Ftr-TR%5C%2Fwp-content%5C%2Fuploads%5C%2F2025%5C%2F10%5C%2Ficon_inst.png%22%7D%2C%7B%22url%22%3A%22https%3A%5C%2F%5C%2Fwww.youtube.com%5C%2Fuser%5C%2FTurkiyeDiyanetVakfi%22%2C%22type%22%3A%22custom%22%2C%22iconUrl%22%3A%22https%3A%5C%2F%5C%2Ftdv.org%5C%2Ftr-TR%5C%2Fwp-content%5C%2Fuploads%5C%2F2025%5C%2F10%5C%2Ficon_youtube-1.png%22%7D%2C%7B%22url%22%3A%22https%3A%5C%2F%5C%2Ftdv.org%5C%2Ftr-TR%5C%2Fwhatsapp-kanali%22%2C%22type%22%3A%22custom%22%2C%22iconUrl%22%3A%22https%3A%5C%2F%5C%2Ftdv.org%5C%2Ftr-TR%5C%2Fwp-content%5C%2Fuploads%5C%2F2025%5C%2F10%5C%2Ficon_whatsapp.png%22%7D%2C%7B%22url%22%3A%22https%3A%5C%2F%5C%2Fnews.google.com%5C%2Fpublications%5C%2FCAAqBwgKMOS0xQswh9DcAw%3Fceid%3DTR%3Atr%26oc%3D3%22%2C%22type%22%3A%22custom%22%2C%22iconUrl%22%3A%22https%3A%5C%2F%5C%2Ftdv.org%5C%2Ftr-TR%5C%2Fwp-content%5C%2Fuploads%5C%2F2025%5C%2F10%5C%2Ficon_googlenews.png%22%7D%2C%7B%22url%22%3A%22tel%3A4446264%22%2C%22type%22%3A%22custom%22%2C%22iconUrl%22%3A%22https%3A%5C%2F%5C%2Ftdv.org%5C%2Ftr-TR%5C%2Fwp-content%5C%2Fuploads%5C%2F2025%5C%2F10%5C%2Ficon_tel-1.png%22%7D%5D%2C%22size%22%3A%2232%22%2C%22location%22%3A%22floating%22%2C%22position%22%3A%22left%22%2C%22style%22%3A%22default%22%2C%22iconColor%22%3A%22black%22%2C%22bgColor%22%3A%22white%22%2C%22iconColorOnHover%22%3A%22white%22%2C%22bgColorOnHover%22%3A%22black%22%2C%22borderRadius%22%3A%22square%22%2C%22animation%22%3A%22bounce%22%2C%22transparency%22%3A100%2C%22transparencyOnHover%22%3A100%2C%22widgetId%22%3A%224%22%7D\" \n                data-elfsight-social-icons-version=\"1.7.1\"\n                data-elfsight-widget-id=\"elfsight-social-icons-4\">\n            <\/div>\n            [\/vc_column_text][\/vc_column][\/vc_row]\n","protected":false},"excerpt":{"rendered":"<p>[vc_row type=&#8221;in_container&#8221; full_screen_row_position=&#8221;middle&#8221; column_margin=&#8221;default&#8221; column_direction=&#8221;default&#8221; column_direction_tablet=&#8221;default&#8221; column_direction_phone=&#8221;default&#8221; scene_position=&#8221;center&#8221; text_color=&#8221;dark&#8221; text_align=&#8221;left&#8221; row_border_radius=&#8221;none&#8221; row_border_radius_applies=&#8221;bg&#8221; row_position_desktop=&#8221;default&#8221; row_position_tablet=&#8221;inherit&#8221; row_position_phone=&#8221;inherit&#8221; overflow=&#8221;visible&#8221; overlay_strength=&#8221;0.3&#8243; gradient_direction=&#8221;left_to_right&#8221; shape_divider_position=&#8221;bottom&#8221; bg_image_animation=&#8221;none&#8221;][vc_column column_padding=&#8221;no-extra-padding&#8221; column_padding_tablet=&#8221;inherit&#8221; column_padding_phone=&#8221;inherit&#8221; column_padding_position=&#8221;all&#8221; flex_gap_desktop=&#8221;10px&#8221; column_element_direction_desktop=&#8221;default&#8221; column_element_spacing=&#8221;default&#8221; desktop_text_alignment=&#8221;default&#8221; tablet_text_alignment=&#8221;default&#8221; phone_text_alignment=&#8221;default&#8221;&#8230;<\/p>\n","protected":false},"author":1,"featured_media":0,"parent":0,"menu_order":0,"comment_status":"closed","ping_status":"closed","template":"","meta":{"footnotes":""},"class_list":["post-2440","page","type-page","status-publish"],"yoast_head":"<!-- This site is optimized with the Yoast SEO plugin v27.6 - https:\/\/yoast.com\/product\/yoast-seo-wordpress\/ -->\n<title>Gizlilik ve Veri G\u00fcvenli\u011fi Politikas\u0131 - T\u00fcrkiye Diyanet Vakf\u0131 Resmi Web Sitesi<\/title>\n<meta name=\"description\" content=\"T\u00fcrkiye Diyanet Vakf\u0131 olarak \u00f6zel hayat\u0131n gizlili\u011fi ve ki\u015filerin temel hak ve \u00f6zg\u00fcrl\u00fcklerinin korunmas\u0131 ilkesine g\u00f6re gerekli \u00f6nlemleri almaktay\u0131z.\" \/>\n<meta name=\"robots\" content=\"index, follow, max-snippet:-1, max-image-preview:large, max-video-preview:-1\" \/>\n<link rel=\"canonical\" href=\"https:\/\/tdv.org\/tr-TR\/gizlilik-ve-veri-guvenligi-politikasi\/\" \/>\n<meta property=\"og:locale\" content=\"tr_TR\" \/>\n<meta property=\"og:type\" content=\"article\" \/>\n<meta property=\"og:title\" content=\"Gizlilik ve Veri G\u00fcvenli\u011fi Politikas\u0131 - T\u00fcrkiye Diyanet Vakf\u0131 Resmi Web Sitesi\" \/>\n<meta property=\"og:description\" content=\"T\u00fcrkiye Diyanet Vakf\u0131 olarak \u00f6zel hayat\u0131n gizlili\u011fi ve ki\u015filerin temel hak ve \u00f6zg\u00fcrl\u00fcklerinin korunmas\u0131 ilkesine g\u00f6re gerekli \u00f6nlemleri almaktay\u0131z.\" \/>\n<meta property=\"og:url\" content=\"https:\/\/tdv.org\/tr-TR\/gizlilik-ve-veri-guvenligi-politikasi\/\" \/>\n<meta property=\"og:site_name\" content=\"T\u00fcrkiye Diyanet Vakf\u0131 Resmi Web Sitesi\" \/>\n<meta property=\"article:publisher\" content=\"https:\/\/www.facebook.com\/Diyanetvakfi\/\" \/>\n<meta property=\"article:modified_time\" content=\"2026-04-07T07:08:38+00:00\" \/>\n<meta name=\"twitter:card\" content=\"summary_large_image\" \/>\n<meta name=\"twitter:site\" content=\"@DiyanetVakfi\" \/>\n<script type=\"application\/ld+json\" class=\"yoast-schema-graph\">{\"@context\":\"https:\\\/\\\/schema.org\",\"@graph\":[{\"@type\":\"WebPage\",\"@id\":\"https:\\\/\\\/tdv.org\\\/tr-TR\\\/gizlilik-ve-veri-guvenligi-politikasi\\\/\",\"url\":\"https:\\\/\\\/tdv.org\\\/tr-TR\\\/gizlilik-ve-veri-guvenligi-politikasi\\\/\",\"name\":\"Gizlilik ve Veri G\u00fcvenli\u011fi Politikas\u0131 - T\u00fcrkiye Diyanet Vakf\u0131 Resmi Web Sitesi\",\"isPartOf\":{\"@id\":\"https:\\\/\\\/tdv.org\\\/tr-TR\\\/#website\"},\"datePublished\":\"2019-04-11T06:09:28+00:00\",\"dateModified\":\"2026-04-07T07:08:38+00:00\",\"description\":\"T\u00fcrkiye Diyanet Vakf\u0131 olarak \u00f6zel hayat\u0131n gizlili\u011fi ve ki\u015filerin temel hak ve \u00f6zg\u00fcrl\u00fcklerinin korunmas\u0131 ilkesine g\u00f6re gerekli \u00f6nlemleri almaktay\u0131z.\",\"breadcrumb\":{\"@id\":\"https:\\\/\\\/tdv.org\\\/tr-TR\\\/gizlilik-ve-veri-guvenligi-politikasi\\\/#breadcrumb\"},\"inLanguage\":\"tr\",\"potentialAction\":[{\"@type\":\"ReadAction\",\"target\":[\"https:\\\/\\\/tdv.org\\\/tr-TR\\\/gizlilik-ve-veri-guvenligi-politikasi\\\/\"]}]},{\"@type\":\"BreadcrumbList\",\"@id\":\"https:\\\/\\\/tdv.org\\\/tr-TR\\\/gizlilik-ve-veri-guvenligi-politikasi\\\/#breadcrumb\",\"itemListElement\":[{\"@type\":\"ListItem\",\"position\":1,\"name\":\"Anasayfa\",\"item\":\"https:\\\/\\\/tdv.org\\\/tr-TR\\\/\"},{\"@type\":\"ListItem\",\"position\":2,\"name\":\"Gizlilik ve Veri G\u00fcvenli\u011fi Politikas\u0131\"}]},{\"@type\":\"WebSite\",\"@id\":\"https:\\\/\\\/tdv.org\\\/tr-TR\\\/#website\",\"url\":\"https:\\\/\\\/tdv.org\\\/tr-TR\\\/\",\"name\":\"T\u00fcrkiye Diyanet Vakf\u0131 Resmi Web Sitesi\",\"description\":\"Yery\u00fcz\u00fcnde iyilik egemen oluncaya kadar\",\"publisher\":{\"@id\":\"https:\\\/\\\/tdv.org\\\/tr-TR\\\/#organization\"},\"alternateName\":\"T\u00fcrkiye Diyanet Vakf\u0131\",\"potentialAction\":[{\"@type\":\"SearchAction\",\"target\":{\"@type\":\"EntryPoint\",\"urlTemplate\":\"https:\\\/\\\/tdv.org\\\/tr-TR\\\/?s={search_term_string}\"},\"query-input\":{\"@type\":\"PropertyValueSpecification\",\"valueRequired\":true,\"valueName\":\"search_term_string\"}}],\"inLanguage\":\"tr\"},{\"@type\":\"Organization\",\"@id\":\"https:\\\/\\\/tdv.org\\\/tr-TR\\\/#organization\",\"name\":\"T\u00fcrkiye Diyanet Vakf\u0131\",\"alternateName\":\"T\u00fcrkiye Diyanet Vakf\u0131\",\"url\":\"https:\\\/\\\/tdv.org\\\/tr-TR\\\/\",\"logo\":{\"@type\":\"ImageObject\",\"inLanguage\":\"tr\",\"@id\":\"https:\\\/\\\/tdv.org\\\/tr-TR\\\/#\\\/schema\\\/logo\\\/image\\\/\",\"url\":\"https:\\\/\\\/tdv.org\\\/tr-TR\\\/wp-content\\\/uploads\\\/2018\\\/12\\\/TDV_Logo_1.png\",\"contentUrl\":\"https:\\\/\\\/tdv.org\\\/tr-TR\\\/wp-content\\\/uploads\\\/2018\\\/12\\\/TDV_Logo_1.png\",\"width\":207,\"height\":71,\"caption\":\"T\u00fcrkiye Diyanet Vakf\u0131\"},\"image\":{\"@id\":\"https:\\\/\\\/tdv.org\\\/tr-TR\\\/#\\\/schema\\\/logo\\\/image\\\/\"},\"sameAs\":[\"https:\\\/\\\/www.facebook.com\\\/Diyanetvakfi\\\/\",\"https:\\\/\\\/x.com\\\/DiyanetVakfi\",\"https:\\\/\\\/www.instagram.com\\\/turkiyediyanetvakfi\\\/\",\"https:\\\/\\\/www.youtube.com\\\/user\\\/TurkiyeDiyanetVakfi\"]}]}<\/script>\n<!-- \/ Yoast SEO plugin. -->","yoast_head_json":{"title":"Gizlilik ve Veri G\u00fcvenli\u011fi Politikas\u0131 - T\u00fcrkiye Diyanet Vakf\u0131 Resmi Web Sitesi","description":"T\u00fcrkiye Diyanet Vakf\u0131 olarak \u00f6zel hayat\u0131n gizlili\u011fi ve ki\u015filerin temel hak ve \u00f6zg\u00fcrl\u00fcklerinin korunmas\u0131 ilkesine g\u00f6re gerekli \u00f6nlemleri almaktay\u0131z.","robots":{"index":"index","follow":"follow","max-snippet":"max-snippet:-1","max-image-preview":"max-image-preview:large","max-video-preview":"max-video-preview:-1"},"canonical":"https:\/\/tdv.org\/tr-TR\/gizlilik-ve-veri-guvenligi-politikasi\/","og_locale":"tr_TR","og_type":"article","og_title":"Gizlilik ve Veri G\u00fcvenli\u011fi Politikas\u0131 - T\u00fcrkiye Diyanet Vakf\u0131 Resmi Web Sitesi","og_description":"T\u00fcrkiye Diyanet Vakf\u0131 olarak \u00f6zel hayat\u0131n gizlili\u011fi ve ki\u015filerin temel hak ve \u00f6zg\u00fcrl\u00fcklerinin korunmas\u0131 ilkesine g\u00f6re gerekli \u00f6nlemleri almaktay\u0131z.","og_url":"https:\/\/tdv.org\/tr-TR\/gizlilik-ve-veri-guvenligi-politikasi\/","og_site_name":"T\u00fcrkiye Diyanet Vakf\u0131 Resmi Web Sitesi","article_publisher":"https:\/\/www.facebook.com\/Diyanetvakfi\/","article_modified_time":"2026-04-07T07:08:38+00:00","twitter_card":"summary_large_image","twitter_site":"@DiyanetVakfi","schema":{"@context":"https:\/\/schema.org","@graph":[{"@type":"WebPage","@id":"https:\/\/tdv.org\/tr-TR\/gizlilik-ve-veri-guvenligi-politikasi\/","url":"https:\/\/tdv.org\/tr-TR\/gizlilik-ve-veri-guvenligi-politikasi\/","name":"Gizlilik ve Veri G\u00fcvenli\u011fi Politikas\u0131 - T\u00fcrkiye Diyanet Vakf\u0131 Resmi Web Sitesi","isPartOf":{"@id":"https:\/\/tdv.org\/tr-TR\/#website"},"datePublished":"2019-04-11T06:09:28+00:00","dateModified":"2026-04-07T07:08:38+00:00","description":"T\u00fcrkiye Diyanet Vakf\u0131 olarak \u00f6zel hayat\u0131n gizlili\u011fi ve ki\u015filerin temel hak ve \u00f6zg\u00fcrl\u00fcklerinin korunmas\u0131 ilkesine g\u00f6re gerekli \u00f6nlemleri almaktay\u0131z.","breadcrumb":{"@id":"https:\/\/tdv.org\/tr-TR\/gizlilik-ve-veri-guvenligi-politikasi\/#breadcrumb"},"inLanguage":"tr","potentialAction":[{"@type":"ReadAction","target":["https:\/\/tdv.org\/tr-TR\/gizlilik-ve-veri-guvenligi-politikasi\/"]}]},{"@type":"BreadcrumbList","@id":"https:\/\/tdv.org\/tr-TR\/gizlilik-ve-veri-guvenligi-politikasi\/#breadcrumb","itemListElement":[{"@type":"ListItem","position":1,"name":"Anasayfa","item":"https:\/\/tdv.org\/tr-TR\/"},{"@type":"ListItem","position":2,"name":"Gizlilik ve Veri G\u00fcvenli\u011fi Politikas\u0131"}]},{"@type":"WebSite","@id":"https:\/\/tdv.org\/tr-TR\/#website","url":"https:\/\/tdv.org\/tr-TR\/","name":"T\u00fcrkiye Diyanet Vakf\u0131 Resmi Web Sitesi","description":"Yery\u00fcz\u00fcnde iyilik egemen oluncaya kadar","publisher":{"@id":"https:\/\/tdv.org\/tr-TR\/#organization"},"alternateName":"T\u00fcrkiye Diyanet Vakf\u0131","potentialAction":[{"@type":"SearchAction","target":{"@type":"EntryPoint","urlTemplate":"https:\/\/tdv.org\/tr-TR\/?s={search_term_string}"},"query-input":{"@type":"PropertyValueSpecification","valueRequired":true,"valueName":"search_term_string"}}],"inLanguage":"tr"},{"@type":"Organization","@id":"https:\/\/tdv.org\/tr-TR\/#organization","name":"T\u00fcrkiye Diyanet Vakf\u0131","alternateName":"T\u00fcrkiye Diyanet Vakf\u0131","url":"https:\/\/tdv.org\/tr-TR\/","logo":{"@type":"ImageObject","inLanguage":"tr","@id":"https:\/\/tdv.org\/tr-TR\/#\/schema\/logo\/image\/","url":"https:\/\/tdv.org\/tr-TR\/wp-content\/uploads\/2018\/12\/TDV_Logo_1.png","contentUrl":"https:\/\/tdv.org\/tr-TR\/wp-content\/uploads\/2018\/12\/TDV_Logo_1.png","width":207,"height":71,"caption":"T\u00fcrkiye Diyanet Vakf\u0131"},"image":{"@id":"https:\/\/tdv.org\/tr-TR\/#\/schema\/logo\/image\/"},"sameAs":["https:\/\/www.facebook.com\/Diyanetvakfi\/","https:\/\/x.com\/DiyanetVakfi","https:\/\/www.instagram.com\/turkiyediyanetvakfi\/","https:\/\/www.youtube.com\/user\/TurkiyeDiyanetVakfi"]}]}},"_links":{"self":[{"href":"https:\/\/tdv.org\/tr-TR\/wp-json\/wp\/v2\/pages\/2440","targetHints":{"allow":["GET"]}}],"collection":[{"href":"https:\/\/tdv.org\/tr-TR\/wp-json\/wp\/v2\/pages"}],"about":[{"href":"https:\/\/tdv.org\/tr-TR\/wp-json\/wp\/v2\/types\/page"}],"author":[{"embeddable":true,"href":"https:\/\/tdv.org\/tr-TR\/wp-json\/wp\/v2\/users\/1"}],"replies":[{"embeddable":true,"href":"https:\/\/tdv.org\/tr-TR\/wp-json\/wp\/v2\/comments?post=2440"}],"version-history":[{"count":2,"href":"https:\/\/tdv.org\/tr-TR\/wp-json\/wp\/v2\/pages\/2440\/revisions"}],"predecessor-version":[{"id":56975,"href":"https:\/\/tdv.org\/tr-TR\/wp-json\/wp\/v2\/pages\/2440\/revisions\/56975"}],"wp:attachment":[{"href":"https:\/\/tdv.org\/tr-TR\/wp-json\/wp\/v2\/media?parent=2440"}],"curies":[{"name":"wp","href":"https:\/\/api.w.org\/{rel}","templated":true}]}}